{"id":3,"date":"2025-09-28T17:43:37","date_gmt":"2025-09-28T17:43:37","guid":{"rendered":"https:\/\/www.freesexonvideo.com\/?page_id=3"},"modified":"2025-10-10T13:51:53","modified_gmt":"2025-10-10T13:51:53","slug":"privacy-policy","status":"publish","type":"page","link":"https:\/\/freesexonvideo.com\/de\/privacy-policy\/","title":{"rendered":"Datenschutzrichtlinie"},"content":{"rendered":"<p>Dieses Dokument enth\u00e4lt wichtige Informationen zur Verwendung und Offenlegung der auf freesexonvideo.com gesammelten Benutzerdaten<\/p>\n\n\n\n<p>Die Sicherheit Ihrer Daten ist f\u00fcr freesexonvideo.com sehr wichtig und daher ergreifen wir alle geeigneten Ma\u00dfnahmen, um das Risiko eines Verlusts, einer Besch\u00e4digung oder eines Missbrauchs Ihrer Daten zu begrenzen.<\/p>\n\n\n\n<p>Diese Website beschr\u00e4nkt die Mitgliedschaft und\/oder die Anzeigerechte ausdr\u00fccklich und streng auf Erwachsene ab 18 Jahren bzw. Personen, die in ihrer Gemeinde die Vollj\u00e4hrigkeit erreicht haben. Personen, die diese Kriterien nicht erf\u00fcllen, ist der Zugriff auf die Inhalte dieser Website und deren Anzeige strengstens untersagt. Wir erfassen und erheben wissentlich keine personenbezogenen Daten von Personen, die noch nicht vollj\u00e4hrig sind.<\/p>\n\n\n\n<h2 class=\"wp-block-heading\">1. <strong>ERFASSTE DATEN<\/strong><\/h2>\n\n\n\n<p>Pers\u00f6nliche Informationen:<\/p>\n\n\n\n<p>Nicht registrierte Nutzer k\u00f6nnen Videos ohne Registrierung ansehen, ohne dass dabei Daten erhoben und verarbeitet werden. F\u00fcr den Fall eines Missbrauchs von Informationen und\/oder Inhalten wird jedoch die IP-Adresse des Besuchers gespeichert.<\/p>\n\n\n\n<p>Registrierte Mitglieder: F\u00fcr das Hochladen von Videos und den Zugriff auf zahlreiche weitere Funktionen ist eine Registrierung erforderlich. Bei der Registrierung werden folgende personenbezogene Daten abgefragt: Benutzername (erforderlich) und E-Mail-Adresse (erforderlich). Weitere personenbezogene Daten wie Geburtsjahr, Beziehungsstatus und sexuelle Orientierung k\u00f6nnen nach der Registrierung freiwillig hinzugef\u00fcgt werden, wenn Mitglieder andere Mitglieder, die bestimmte Kriterien erf\u00fcllen, identifizieren und kontaktieren m\u00f6chten. Alle diese Daten mit Ausnahme der E-Mail-Adresse und der IP-Adresse sind \u00f6ffentlich zug\u00e4nglich.<\/p>\n\n\n\n<p>Auf die Site hochgeladene Inhalte: Alle pers\u00f6nlichen Informationen oder Videoinhalte, die Sie freiwillig online preisgeben, werden \u00f6ffentlich zug\u00e4nglich und k\u00f6nnen von anderen gesammelt und verwendet werden.<\/p>\n\n\n\n<p>Cookies: Wenn Sie freesexonvideo.com besuchen, senden wir m\u00f6glicherweise ein oder mehrere Cookies an Ihren Computer, die Ihre Browsersitzung eindeutig identifizieren. freesexonvideo.com verwendet sowohl Sitzungscookies als auch dauerhafte Cookies. Wenn Sie dauerhafte Cookies entfernen, funktionieren einige Funktionen der Website m\u00f6glicherweise nicht richtig.<\/p>\n\n\n\n<p>Protokolldateiinformationen: Wenn Sie freesexonvideo.com besuchen, zeichnen unsere Server m\u00f6glicherweise automatisch bestimmte Informationen auf, die Ihr Webbrowser sendet, wie z. B. Ihre Webanforderung, IP-Adresse, Browsertyp, Browsersprache, verweisende URL, Plattformtyp, Dom\u00e4nennamen sowie Datum und Uhrzeit Ihrer Anforderung.<\/p>\n\n\n\n<p>E-Mails: Wenn Sie Kontakt mit uns aufnehmen, k\u00f6nnen wir eine Aufzeichnung dieser Korrespondenz aufbewahren.<\/p>\n\n\n\n<h2 class=\"wp-block-heading\">2. <strong>ANWENDUNGEN<\/strong><\/h2>\n\n\n\n<p>Ihre an freesexonvideo.com \u00fcbermittelten personenbezogenen Daten werden verwendet, um dem Benutzer die Funktionen und speziellen personalisierten Funktionen der Website bereitzustellen.<\/p>\n\n\n\n<p>Ihr gew\u00e4hlter Benutzername (nicht Ihre E-Mail-Adresse) wird anderen Benutzern zusammen mit den von Ihnen hochgeladenen Inhalten angezeigt, darunter Videos, Kommentare, die Nachrichten, die Sie \u00fcber die private E-Mail von freesexonvideo.com senden usw. Andere Benutzer k\u00f6nnen Sie \u00fcber private Nachrichten kontaktieren.<\/p>\n\n\n\n<p>Alle Videos, die Sie an freesexonvideo.com senden, k\u00f6nnen \u00fcber das Internet und andere Medienkan\u00e4le weiterverbreitet und von der breiten \u00d6ffentlichkeit angesehen werden.<\/p>\n\n\n\n<p>Wir verwenden Ihre E-Mail-Adresse oder andere personenbezogene Daten nicht zum Versenden von Werbe- oder Marketingnachrichten ohne Ihre Zustimmung.<\/p>\n\n\n\n<p>Wir k\u00f6nnen Ihre E-Mail-Adresse ohne weitere Zustimmung f\u00fcr nicht-marketingbezogene oder administrative Zwecke verwenden (z. B. um Sie \u00fcber wichtige Website-\u00c4nderungen zu informieren oder f\u00fcr Kundendienstzwecke).<\/p>\n\n\n\n<ul class=\"wp-block-list\">\n<li><strong>OPT-IN UND BENUTZERKOMMUNIKATION<\/strong> \u2013 Der Abonnent erkl\u00e4rt sich ausdr\u00fccklich damit einverstanden, dass seine E-Mail-Adresse oder andere Kommunikationsmittel verwendet werden d\u00fcrfen, um ihm Angebote, Informationen oder andere kommerzielle E-Mails oder andere Kommunikationsmittel zu senden. Insbesondere k\u00f6nnen dem Abonnenten einige Angebote per E-Mail oder \u00fcber andere Kommunikationsmittel unterbreitet werden, wobei er seine Pr\u00e4ferenz durch Anklicken oder Eingeben von \u201eAkzeptieren\u201c (alternativ \u201eJa\u201c) oder \u201eAblehnen\u201c (alternativ \u201eNein\u201c) zum Ausdruck bringen kann. Durch Ausw\u00e4hlen oder Anklicken von \u201eAkzeptieren\u201c oder \u201eJa\u201c erkl\u00e4rt sich der Abonnent mit dem Angebot einverstanden und stimmt damit zu, dass seine personenbezogenen Daten, einschlie\u00dflich seiner E-Mail-Adresse und Daten, zu diesem Zweck verwendet oder an Dritte weitergegeben werden d\u00fcrfen.<\/li>\n\n\n\n<li><strong>Opt-out und Benutzerkommunikation<\/strong> Der Abonnent erkennt ausdr\u00fccklich und ausdr\u00fccklich an und stimmt zu, dass seine E-Mail-Adresse oder andere Kommunikationsmittel verwendet werden d\u00fcrfen, um ihm Angebote, Informationen oder andere kommerzielle E-Mails oder andere Kommunikationsmittel zu senden. Insbesondere k\u00f6nnen dem Abonnenten weitere Angebote per E-Mail oder \u00fcber andere Kommunikationsmittel mit einer vorab ausgew\u00e4hlten Pr\u00e4ferenz oder Auswahlm\u00f6glichkeit unterbreitet werden. Wenn der Abonnent die vorab ausgew\u00e4hlte Pr\u00e4ferenz nicht abw\u00e4hlt (d. h. das Angebot ablehnt), kann die Website die pers\u00f6nlichen Profilinformationen des Abonnenten an den Drittanbieter oder Inhaltsanbieter \u00fcbertragen, der das Angebot unterbreitet. Wenn der Abonnent die vorab ausgew\u00e4hlte Pr\u00e4ferenz abw\u00e4hlt, d\u00fcrfen keine pers\u00f6nlichen Informationen \u00fcber den Abonnenten an Drittanbieter oder Inhaltsanbieter weitergegeben werden.<\/li>\n\n\n\n<li>Wir analysieren aggregierte Informationen zum Benutzerverkehr, um unsere Marketing- und Hosting-Aktivit\u00e4ten zu optimieren und die Qualit\u00e4t des Benutzererlebnisses auf freesexonvideo.com zu verbessern.<\/li>\n<\/ul>\n\n\n\n<h2 class=\"wp-block-heading\">3. OFFENLEGUNG VON INFORMATIONEN<\/h2>\n\n\n\n<p>freesexonvideo.com kann Daten weitergeben, wenn dies gesetzlich vorgeschrieben ist, um unsere Allgemeinen Gesch\u00e4ftsbedingungen und andere Vereinbarungen durchzusetzen oder um die Rechte, das Eigentum oder die Sicherheit von freesexonvideo.com, unseren Abonnenten oder anderen zu sch\u00fctzen. Dies beinhaltet den Informationsaustausch mit anderen Unternehmen und Organisationen, einschlie\u00dflich der Polizei und Beh\u00f6rden, zum Schutz vor Betrug oder anderen illegalen Aktivit\u00e4ten, unabh\u00e4ngig davon, ob diese in den Allgemeinen Gesch\u00e4ftsbedingungen genannt sind oder nicht. Es ist die Politik von freesexonvideo.com, Sie, sofern m\u00f6glich und gesetzlich zul\u00e4ssig, unverz\u00fcglich \u00fcber die Verpflichtung zur Weitergabe von Daten an Dritte zu informieren.<\/p>\n\n\n\n<p>Sollten Sie vors\u00e4tzlich illegales Material hochladen, wird freesexonvideo.com alle verf\u00fcgbaren Informationen ohne Vorank\u00fcndigung an alle zust\u00e4ndigen Beh\u00f6rden weiterleiten.<\/p>\n\n\n\n<ul class=\"wp-block-list\">\n<li>Wir geben Ihre personenbezogenen Daten (wie Name oder E-Mail-Adresse) nicht ohne Ihre Zustimmung an andere Drittunternehmen f\u00fcr deren kommerzielle oder Marketingzwecke weiter, es sei denn, dies ist Teil eines bestimmten Programms oder einer Funktion, f\u00fcr die Sie sich anmelden oder abmelden k\u00f6nnen.<\/li>\n<\/ul>\n\n\n\n<h2 class=\"wp-block-heading\">4. SICHERHEIT<\/h2>\n\n\n\n<p>Wenn wir Ihnen ein Passwort gegeben haben (oder Sie ein solches gew\u00e4hlt haben), das Ihnen den Zugriff auf bestimmte Bereiche unserer Website erm\u00f6glicht, sind Sie f\u00fcr die Geheimhaltung dieses Passworts verantwortlich. Wir bitten Sie, Ihr Passwort niemandem mitzuteilen.<\/p>\n\n\n\n<p>Leider ist die \u00dcbertragung von Informationen \u00fcber das Internet nicht vollst\u00e4ndig sicher. freesexonvideo.com verwendet kommerziell angemessene physische, organisatorische und technische Sicherheitsvorkehrungen, um die Integrit\u00e4t und Sicherheit Ihrer pers\u00f6nlichen Daten zu gew\u00e4hrleisten. Wir k\u00f6nnen jedoch die Sicherheit der von Ihnen an freesexonvideo.com \u00fcbermittelten Informationen nicht gew\u00e4hrleisten. Sie \u00fcbermitteln diese auf eigene Gefahr.<\/p>\n\n\n\n<h2 class=\"wp-block-heading\">5. IHRE RECHTE<\/h2>\n\n\n\n<p>Sie haben das Recht, auf Ihre Daten zuzugreifen und diese zu korrigieren, indem Sie dies direkt auf der Website tun oder uns per E-Mail an folgende Adresse dazu auffordern: <span style=\"display:inline;unicode-bidi:bidi-override;direction:rtl;\" class=\"\">moc.oedivnoxeseerf<span style=\"display:none;\">obfsctd-3c6c2b<\/span>@ofni<\/span>.<\/p>","protected":false},"excerpt":{"rendered":"<p>This document details important information regarding the use and disclosure of User Data collected on freesexonvideo.com The security of your Data is very important to freesexonvideo.com and as such we take all appropriate steps to limit the risk that it may be lost, damaged or misused. This site expressly and strictly limits its membership and\/or [&hellip;]<\/p>\n","protected":false},"author":1,"featured_media":0,"parent":0,"menu_order":0,"comment_status":"closed","ping_status":"closed","template":"","meta":{"footnotes":""},"class_list":["post-3","page","type-page","status-publish","hentry"],"_links":{"self":[{"href":"https:\/\/freesexonvideo.com\/de\/wp-json\/wp\/v2\/pages\/3","targetHints":{"allow":["GET"]}}],"collection":[{"href":"https:\/\/freesexonvideo.com\/de\/wp-json\/wp\/v2\/pages"}],"about":[{"href":"https:\/\/freesexonvideo.com\/de\/wp-json\/wp\/v2\/types\/page"}],"author":[{"embeddable":true,"href":"https:\/\/freesexonvideo.com\/de\/wp-json\/wp\/v2\/users\/1"}],"replies":[{"embeddable":true,"href":"https:\/\/freesexonvideo.com\/de\/wp-json\/wp\/v2\/comments?post=3"}],"version-history":[{"count":0,"href":"https:\/\/freesexonvideo.com\/de\/wp-json\/wp\/v2\/pages\/3\/revisions"}],"wp:attachment":[{"href":"https:\/\/freesexonvideo.com\/de\/wp-json\/wp\/v2\/media?parent=3"}],"curies":[{"name":"wp","href":"https:\/\/api.w.org\/{rel}","templated":true}]}}