{"id":4050,"date":"2025-10-17T15:17:57","date_gmt":"2025-10-17T15:17:57","guid":{"rendered":"https:\/\/freesexonvideo.com\/?page_id=4050"},"modified":"2026-04-03T21:18:45","modified_gmt":"2026-04-03T20:18:45","slug":"cams","status":"publish","type":"page","link":"https:\/\/freesexonvideo.com\/de\/cams\/","title":{"rendered":"Kameras"},"content":{"rendered":"<!--\n<p style=\"margin:15px 0 20px 0; \">\n<script fetchpriority=\"high\" src=\"https:\/\/crxcr2.com\/cams-widget-ext\/script?landing_id=%7Boffer_url_id%7D&genders=f%2Cf&providers=streamate%2Cstreamate%2Cbongacash%2Chuge%20traffic%2Cstripchat%2Cbongacash%2Cmfc%2Cawempire%2Cimlive%2Cchaturbate&skin=0&containerAlignment=center&cols=0&rows=0&number=50&background=transparent&useFeed=1&animateFeed=1&smoothAnimation=1&ratio=1&verticalSpace=10px&horizontalSpace=10px&colorFilter=%23ffffff&colorFilterStrength=0.1&cardsBorderTop=2px&cardsBorderRight=2px&cardsBorderBottom=2px&cardsBorderLeft=2px&cardsBorderColor=%23de3b18&cardsBorderRadius=10px&showOnline=1&fontFamily=Roboto&fontSize=14px&infoTopTextColor=%23ffffff&infoTopPos=outside&infoTopLeftContent=-&infoTopRightContent=-&infoBottomTextColor=%23ffffff&infoBottomPos=outside&infoBottomLeftContent=name&infoBottomRightContent=gender&infoBottomBackgroundColor=%23de3b18&AuxiliaryCSS=.cw-info-ctn%20%7Bmargin%3A10px%200%207px%200%3B%7D%20%0A&lang=en&token=86b85b80-b59c-11f0-a0be-599b2cd91549&api_key=cefed9b9ff21e25bc6c8f4d0d5fb6b6440a3a36b14633f87c8566bb6972f7004\"><\/script>\n<\/p>\n-->\n\n\n\n<div class=\"wp-block-buttons has-custom-font-size has-x-large-font-size is-horizontal is-content-justification-center is-layout-flex wp-container-core-buttons-is-layout-0bd2c8ef wp-block-buttons-is-layout-flex\">\n<div class=\"wp-block-button has-custom-width wp-block-button__width-50 is-style-fill\"><a class=\"wp-block-button__link has-white-color has-text-color has-background has-link-color has-text-align-center has-custom-font-size wp-element-button\" href=\"https:\/\/freesexonvideo.com\/adv\/lookup\/livejasmin-link-cams\/\" style=\"border-radius:5px;background-color:#de3b18;font-size:16px\" target=\"_blank\" rel=\"noreferrer noopener nofollow\">Live Jasmin<\/a><\/div>\n<\/div>\n\n\n\n<div class=\"wp-block-buttons has-custom-font-size has-x-large-font-size is-horizontal is-content-justification-center is-layout-flex wp-container-core-buttons-is-layout-0bd2c8ef wp-block-buttons-is-layout-flex\">\n<div class=\"wp-block-button has-custom-width wp-block-button__width-50 is-style-fill\"><a class=\"wp-block-button__link has-white-color has-text-color has-background has-link-color has-text-align-center has-custom-font-size wp-element-button\" href=\"https:\/\/freesexonvideo.com\/adv\/lookup\/livejasmin-link-cams\/\" style=\"border-radius:5px;background-color:#de3b18;font-size:16px\" target=\"_blank\" rel=\"noreferrer noopener nofollow\">Live Jasmin<\/a><\/div>\n<\/div>\n\n\n\n<div class=\"wp-block-buttons has-custom-font-size has-x-large-font-size is-horizontal is-content-justification-center is-layout-flex wp-container-core-buttons-is-layout-0bd2c8ef wp-block-buttons-is-layout-flex\">\n<div class=\"wp-block-button has-custom-width wp-block-button__width-50 is-style-fill\"><a class=\"wp-block-button__link has-white-color has-text-color has-background has-link-color has-text-align-center has-custom-font-size wp-element-button\" href=\"https:\/\/freesexonvideo.com\/adv\/lookup\/livejasmin-link-cams\/\" style=\"border-radius:5px;background-color:#de3b18;font-size:16px\" target=\"_blank\" rel=\"noreferrer noopener nofollow\">Live Jasmin<\/a><\/div>\n<\/div>\n\n\n\n<div class=\"wp-block-buttons has-custom-font-size has-x-large-font-size is-horizontal is-content-justification-center is-layout-flex wp-container-core-buttons-is-layout-0bd2c8ef wp-block-buttons-is-layout-flex\">\n<div class=\"wp-block-button has-custom-width wp-block-button__width-50 is-style-fill\"><a class=\"wp-block-button__link has-white-color has-text-color has-background has-link-color has-text-align-center has-custom-font-size wp-element-button\" href=\"https:\/\/freesexonvideo.com\/adv\/lookup\/livejasmin-link-cams\/\" style=\"border-radius:5px;background-color:#de3b18;font-size:16px\" target=\"_blank\" rel=\"noreferrer noopener nofollow\">Live Jasmin<\/a><\/div>\n<\/div>\n\n\n\n<div class=\"wp-block-buttons has-custom-font-size has-x-large-font-size is-horizontal is-content-justification-center is-layout-flex wp-container-core-buttons-is-layout-0bd2c8ef wp-block-buttons-is-layout-flex\">\n<div class=\"wp-block-button has-custom-width wp-block-button__width-50 is-style-fill\"><a class=\"wp-block-button__link has-white-color has-text-color has-background has-link-color has-text-align-center has-custom-font-size wp-element-button\" href=\"https:\/\/freesexonvideo.com\/adv\/lookup\/livejasmin-link-cams\/\" style=\"border-radius:5px;background-color:#de3b18;font-size:16px\" target=\"_blank\" rel=\"noreferrer noopener nofollow\">Live Jasmin<\/a><\/div>\n<\/div>\n\n\n\n<h2 class=\"wp-block-heading\">Willkommen bei der Live-Cam von Jasmin Girls<\/h2>\n\n\n\n<p>Willkommen bei Live Jasmin Girls&#039; Cam, Ihrer erstklassigen Online-Plattform f\u00fcr Live-Webcam-Unterhaltung f\u00fcr Erwachsene mit den besten Models aus aller Welt. Diese Seite bietet Ihnen \u00fcber ein integriertes Iframe direkten Zugriff auf die bestbewerteten Live Jasmin Camgirls und erm\u00f6glicht Ihnen so, hochwertige Live-Auftritte zu genie\u00dfen, ohne die Seite verlassen zu m\u00fcssen. Ob Sie auf der Suche nach verspieltem Flirt, verf\u00fchrerischem Striptease oder intimen Privatshows sind \u2013 Live Jasmin Girls&#039; Cam bietet eine un\u00fcbertroffene Auswahl an Erotik-Webcams, die Ihre W\u00fcnsche in einer sicheren, diskreten und angenehmen Umgebung erf\u00fcllen.<\/p>\n\n\n\n<h2 class=\"wp-block-heading\">Warum Live Jasmin f\u00fchrend im Bereich Webcam-Unterhaltung ist<\/h2>\n\n\n\n<p>Live Jasmin ist eine der f\u00fchrenden Webcam-Plattformen der Branche und bekannt f\u00fcr erstklassige HD-Streaming-Qualit\u00e4t, professionelle Models und interaktive Funktionen, die das Erlebnis \u00fcber traditionelle Erwachsenenunterhaltung hinausheben. Hier k\u00f6nnen Sie eine gro\u00dfe Auswahl wundersch\u00f6ner M\u00e4dchen aller Stile und Hintergr\u00fcnde beobachten und mit ihnen interagieren \u2013 von sinnlichen Blondinen und feurigen Rothaarigen bis hin zu exotischen Sch\u00f6nheiten und charmanten Newcomern. Die Plattform bietet \u00fcber 2.000 Models, die rund um die Uhr live streamen. So ist immer jemand online, der Sie mit seinen einzigartigen Talenten und seinem pers\u00f6nlichen Charme verzaubern kann.<\/p>\n\n\n\n<h2 class=\"wp-block-heading\">Vielf\u00e4ltige Modelle und Kategorien f\u00fcr jeden Wunsch<\/h2>\n\n\n\n<p>\u00dcber die hier eingebettete Live Jasmin Girls&#039; Cam-Oberfl\u00e4che erhalten Sie sofortigen Zugriff auf einen umfangreichen Katalog stilvoller, verifizierter Models, die in Echtzeit in verschiedenen Kategorien und Fetischen auftreten. Ob Sie eine Vorliebe f\u00fcr sinnliches Necken, Hardcore-Action, Fetischspiele oder sogar Rollenspiele haben \u2013 hier finden Sie Ihr perfektes Camgirl. Mit den leistungsstarken Such- und Filteroptionen der Website k\u00f6nnen Sie die Models nach Haarfarbe, K\u00f6rpertyp, Sprache, Popularit\u00e4t und mehr sortieren, sodass Sie ganz einfach die passende Darstellerin f\u00fcr Ihre Stimmung und Vorlieben finden.<\/p>\n\n\n\n<h2 class=\"wp-block-heading\">Interaktive Funktionen f\u00fcr ein personalisiertes Erlebnis<\/h2>\n\n\n\n<p>Einer der aufregendsten Aspekte von Live Jasmin ist die M\u00f6glichkeit, mit den Models zu interagieren. Im Live-Chat k\u00f6nnen Sie Textnachrichten senden, den Darstellern Trinkgeld f\u00fcr exklusive Inhalte geben und personalisierte Shows anfordern, die auf Ihre Fantasien zugeschnitten sind. Einige M\u00e4dchen bieten private Einzel-Webcam-Sessions an, bei denen Sie Tempo und Stil der Show bestimmen und sie so intim und aufregend gestalten k\u00f6nnen, wie Sie es w\u00fcnschen. Mit Funktionen wie Zwei-Wege-Audio und Cam-to-Cam-Interaktion f\u00fchlt sich die Verbindung, die Sie aufbauen, authentisch und fesselnd an und bietet ein Niveau an Erwachsenenunterhaltung, das sich wirklich von anderen abhebt.<\/p>\n\n\n\n<h2 class=\"wp-block-heading\">Ihre Privatsph\u00e4re und Sicherheit haben oberste Priorit\u00e4t<\/h2>\n\n\n\n<p>Sicherheit und Datenschutz stehen bei Live Jasmin Girls&#039; Cam an erster Stelle. Die Plattform nutzt fortschrittliche Verschl\u00fcsselung und sichere Zahlungsmethoden, um Ihre Daten zu sch\u00fctzen und sicherzustellen, dass Ihr Surfen und Ihre Interaktionen diskret bleiben. Egal, ob Sie entspannt surfen oder private Sessions genie\u00dfen m\u00f6chten, Sie k\u00f6nnen dies mit der Gewissheit tun, dass Live Jasmin die gesetzlichen Richtlinien zur Alters\u00fcberpr\u00fcfung und die branchenweit bew\u00e4hrten Verfahren zur Sicherheit der Darsteller vollst\u00e4ndig einh\u00e4lt.<\/p>\n\n\n\n<h2 class=\"wp-block-heading\">Weltklasse-Streaming-Qualit\u00e4t auf allen Ger\u00e4ten<\/h2>\n\n\n\n<p>Die Streaming-Qualit\u00e4t von Live Jasmin ist erstklassig: Kristallklares HD-Video bringt jedes kleinste Detail der Auftritte Ihrer Lieblings-Camgirls direkt auf Ihren Bildschirm. Egal, ob Sie einen Desktop-PC, Laptop oder ein Mobilger\u00e4t verwenden, die Plattform passt sich perfekt an und sorgt selbst bei hohem Datenverkehr f\u00fcr eine reibungslose Wiedergabe. Sie k\u00f6nnen Streams im Vollbildmodus ansehen, den geteilten Bildschirm nutzen, um mehrere Models gleichzeitig zu sehen, oder Fenster \u00f6ffnen, um Multitasking zu betreiben, w\u00e4hrend Sie Ihre Lieblings-Cams f\u00fcr Erwachsene genie\u00dfen.<\/p>\n\n\n\n<h2 class=\"wp-block-heading\">Ausf\u00fchrliche Modellprofile zur Verbesserung Ihres Erlebnisses<\/h2>\n\n\n\n<p>Die Modelprofile auf Live Jasmin sind umfangreich und interaktiv und bieten Hintergrundfotos, Videoclips und Status-Updates in Echtzeit, sodass Sie die Darstellerinnen und Darsteller schon vor der Show kennenlernen k\u00f6nnen. Viele Models unterhalten Fanclubs oder exklusive Kan\u00e4le, auf denen Sie auf zus\u00e4tzliche Fotos, Einblicke hinter die Kulissen und spezielle Event-Streams zugreifen k\u00f6nnen. Das h\u00e4lt das Erlebnis frisch und spannend und st\u00e4rkt die Bindung zwischen Zuschauer und Darstellerin.<\/p>\n\n\n\n<h2 class=\"wp-block-heading\">Flexible Anzeigeoptionen f\u00fcr Ihren Stil<\/h2>\n\n\n\n<p>Als Nutzer haben Sie flexible M\u00f6glichkeiten, die Website ganz nach Ihren W\u00fcnschen und Vorlieben zu erkunden. Ob Sie kostenlose \u00f6ffentliche Shows bevorzugen oder Credits f\u00fcr privaten Zugang investieren m\u00f6chten, die Live Jasmin Girls&#039; Cam bietet eine bemerkenswerte Vielfalt an Cam-Erlebnissen. Das Credit-System erm\u00f6glicht es Ihnen, Models Trinkgeld zu geben, spezielle Funktionen freizuschalten und private Sessions zu buchen \u2013 alles ganz nach Ihren W\u00fcnschen. Live Jasmin unterst\u00fctzt weltweit verschiedene Zahlungsmethoden f\u00fcr einfache und sichere Transaktionen.<\/p>\n\n\n\n<h2 class=\"wp-block-heading\">Das ultimative Portal f\u00fcr Live-Webcam-Unterhaltung<\/h2>\n\n\n\n<p>Kurz gesagt: Diese Live Jasmin Girls&#039; Cam-Seite ist Ihr Tor zu den besten Live-Webcam-Girls auf einer der vertrauensw\u00fcrdigsten und innovativsten Plattformen f\u00fcr Erwachsene im Internet. Ob ungezwungenes Seherlebnis oder intensive, pers\u00f6nliche Interaktion \u2013 das eingebettete Iframe verbindet Sie direkt mit Tausenden attraktiven, talentierten Models, die Sie jederzeit unterhalten. Genie\u00dfen Sie HD-Streams in h\u00f6chster Qualit\u00e4t, sichere und private Sessions und die interaktiven Funktionen, die Live Jasmin zu einer beliebten Wahl f\u00fcr Webcam-Fans weltweit machen.<\/p>\n\n\n\n<h2 class=\"wp-block-heading\">Starten Sie noch heute Ihr Live-Jasmin-Erlebnis<\/h2>\n\n\n\n<p>Tauchen Sie jetzt ein in die Welt von Live Jasmin Girls\u2019 Cam \u2013 erkunden Sie, verbinden Sie sich und genie\u00dfen Sie die beste Live-Unterhaltung f\u00fcr Erwachsene, die diese Plattform zu bieten hat, und das alles bequem und privat von Ihrem eigenen Raum aus.<\/p>\n\n\n\n<div class=\"wp-block-buttons has-custom-font-size has-x-large-font-size is-horizontal is-content-justification-center is-layout-flex wp-container-core-buttons-is-layout-0bd2c8ef wp-block-buttons-is-layout-flex\">\n<div class=\"wp-block-button has-custom-width wp-block-button__width-50 is-style-fill\"><a class=\"wp-block-button__link has-white-color has-text-color has-background has-link-color has-text-align-center has-custom-font-size wp-element-button\" href=\"https:\/\/freesexonvideo.com\/adv\/lookup\/livejasmin-link-cams\/\" style=\"border-radius:5px;background-color:#de3b18;font-size:16px\" target=\"_blank\" rel=\"noreferrer noopener nofollow\">Live Jasmin<\/a><\/div>\n<\/div>","protected":false},"excerpt":{"rendered":"<p>Welcome to Live Jasmin Girls&#8217; Cam Welcome to Live Jasmin Girls&#8217; Cam, your premier online destination for live adult webcam entertainment featuring the best models from around the world. This page provides you with direct, instant access to the top-rated Live Jasmin cam girls through an integrated iframe, allowing you to enjoy high-quality live performances [&hellip;]<\/p>\n","protected":false},"author":1,"featured_media":0,"parent":0,"menu_order":0,"comment_status":"closed","ping_status":"closed","template":"","meta":{"footnotes":""},"class_list":["post-4050","page","type-page","status-publish","hentry"],"_links":{"self":[{"href":"https:\/\/freesexonvideo.com\/de\/wp-json\/wp\/v2\/pages\/4050","targetHints":{"allow":["GET"]}}],"collection":[{"href":"https:\/\/freesexonvideo.com\/de\/wp-json\/wp\/v2\/pages"}],"about":[{"href":"https:\/\/freesexonvideo.com\/de\/wp-json\/wp\/v2\/types\/page"}],"author":[{"embeddable":true,"href":"https:\/\/freesexonvideo.com\/de\/wp-json\/wp\/v2\/users\/1"}],"replies":[{"embeddable":true,"href":"https:\/\/freesexonvideo.com\/de\/wp-json\/wp\/v2\/comments?post=4050"}],"version-history":[{"count":1,"href":"https:\/\/freesexonvideo.com\/de\/wp-json\/wp\/v2\/pages\/4050\/revisions"}],"predecessor-version":[{"id":11883,"href":"https:\/\/freesexonvideo.com\/de\/wp-json\/wp\/v2\/pages\/4050\/revisions\/11883"}],"wp:attachment":[{"href":"https:\/\/freesexonvideo.com\/de\/wp-json\/wp\/v2\/media?parent=4050"}],"curies":[{"name":"wp","href":"https:\/\/api.w.org\/{rel}","templated":true}]}}