{"id":861,"date":"2025-10-02T18:00:35","date_gmt":"2025-10-02T18:00:35","guid":{"rendered":"https:\/\/freesexonvideo.com\/?page_id=861"},"modified":"2025-10-17T11:02:34","modified_gmt":"2025-10-17T11:02:34","slug":"18-usc-2257","status":"publish","type":"page","link":"https:\/\/freesexonvideo.com\/de\/18-usc-2257\/","title":{"rendered":"2257"},"content":{"rendered":"<p>Freesexonvideo.com ist kein Produzent (weder prim\u00e4r noch sekund\u00e4r) der Inhalte dieser Website (Freesexonvideo.com). Bez\u00fcglich der Aufzeichnungen gem\u00e4\u00df 18 USC 2257 f\u00fcr alle Inhalte dieser Website richten Sie Ihre Anfrage bitte an die Website, f\u00fcr die die Inhalte erstellt wurden.<\/p>\n\n\n\n<p>Freesexonvideo.com ist eine Website zum Teilen von Videos, die das Hochladen, Teilen und allgemeine Anzeigen verschiedener Arten von Inhalten f\u00fcr Erwachsene erm\u00f6glicht. Obwohl Freesexonvideo.com sein Bestes tut, um die Einhaltung der Vorschriften zu \u00fcberpr\u00fcfen, ist dies m\u00f6glicherweise nicht 100%-genau.<\/p>\n\n\n\n<p>Freesexonvideo.com h\u00e4lt sich an die folgenden Verfahren, um die Einhaltung sicherzustellen:<br>Alle Benutzer m\u00fcssen 18 Jahre alt sein, um Videos hochladen zu k\u00f6nnen.<br>Beim Hochladen muss der Benutzer den Inhalt \u00fcberpr\u00fcfen; er muss sicherstellen, dass er\/sie 18 Jahre alt ist; er muss best\u00e4tigen, dass er\/sie Aufzeichnungen \u00fcber die Models im Inhalt f\u00fchrt und dass diese \u00fcber 18 Jahre alt sind.<\/p>\n\n\n\n<p>F\u00fcr weitere Unterst\u00fctzung und\/oder Informationen zum Auffinden der Ursprungsseite des Inhalts wenden Sie sich bitte an die Compliance-Abteilung von Freesexonvideo.com unter <span style=\"display:inline;unicode-bidi:bidi-override;direction:rtl;\" class=\"\">moc.oedivnoxeseerf<span style=\"display:none;\">obfsctd-84d846<\/span>@ofni<\/span>.<\/p>\n\n\n\n<p>Freesexonvideo.com erm\u00f6glicht die Kennzeichnung von Inhalten als unangemessen. Sollten Inhalte als illegal, rechtswidrig, bel\u00e4stigend, sch\u00e4dlich, anst\u00f6\u00dfig oder aus anderen Gr\u00fcnden gekennzeichnet werden, wird Freesexonvideo.com diese unverz\u00fcglich von der Website entfernen.<\/p>\n\n\n\n<p>Benutzer von Freesexonvideo.com, die auf solche Inhalte sto\u00dfen, werden dringend gebeten, die jeweilige(n) URL(s) als unangemessen zu melden, indem sie eine E-Mail an folgende Adresse senden: <span style=\"display:inline;unicode-bidi:bidi-override;direction:rtl;\" class=\"\">moc.oedivnoxeseerf<span style=\"display:none;\">obfsctd-41a05e<\/span>@ofni<\/span> unter Angabe der angeblichen URL(s).<\/p>","protected":false},"excerpt":{"rendered":"<p>Freesexonvideo.com is not a producer (primary or secondary) of any and all of the content found on the website (Freesexonvideo.com). With respect to the records as per 18 USC 2257 for any and all content found on this site, please kindly direct your request to the site for which the content was produced. Freesexonvideo.com is [&hellip;]<\/p>\n","protected":false},"author":1,"featured_media":0,"parent":0,"menu_order":0,"comment_status":"closed","ping_status":"closed","template":"","meta":{"footnotes":""},"class_list":["post-861","page","type-page","status-publish","hentry"],"_links":{"self":[{"href":"https:\/\/freesexonvideo.com\/de\/wp-json\/wp\/v2\/pages\/861","targetHints":{"allow":["GET"]}}],"collection":[{"href":"https:\/\/freesexonvideo.com\/de\/wp-json\/wp\/v2\/pages"}],"about":[{"href":"https:\/\/freesexonvideo.com\/de\/wp-json\/wp\/v2\/types\/page"}],"author":[{"embeddable":true,"href":"https:\/\/freesexonvideo.com\/de\/wp-json\/wp\/v2\/users\/1"}],"replies":[{"embeddable":true,"href":"https:\/\/freesexonvideo.com\/de\/wp-json\/wp\/v2\/comments?post=861"}],"version-history":[{"count":0,"href":"https:\/\/freesexonvideo.com\/de\/wp-json\/wp\/v2\/pages\/861\/revisions"}],"wp:attachment":[{"href":"https:\/\/freesexonvideo.com\/de\/wp-json\/wp\/v2\/media?parent=861"}],"curies":[{"name":"wp","href":"https:\/\/api.w.org\/{rel}","templated":true}]}}