{"id":3,"date":"2025-09-28T17:43:37","date_gmt":"2025-09-28T17:43:37","guid":{"rendered":"https:\/\/www.freesexonvideo.com\/?page_id=3"},"modified":"2025-10-10T13:51:53","modified_gmt":"2025-10-10T13:51:53","slug":"privacy-policy","status":"publish","type":"page","link":"https:\/\/freesexonvideo.com\/es\/privacy-policy\/","title":{"rendered":"Privacidad"},"content":{"rendered":"<p>Este documento detalla informaci\u00f3n importante sobre el uso y la divulgaci\u00f3n de los Datos de Usuario recopilados en freesexonvideo.com<\/p>\n\n\n\n<p>La seguridad de sus datos es muy importante para freesexonvideo.com y como tal tomamos todas las medidas apropiadas para limitar el riesgo de que se pierdan, da\u00f1en o utilicen incorrectamente.<\/p>\n\n\n\n<p>Este sitio limita expresa y estrictamente su membres\u00eda y\/o acceso a la informaci\u00f3n a adultos mayores de 18 a\u00f1os o que hayan alcanzado la mayor\u00eda de edad en su comunidad. Se proh\u00edbe estrictamente el acceso o la visualizaci\u00f3n del contenido de este sitio a todas las personas que no cumplan con estos criterios. No buscamos ni recopilamos deliberadamente informaci\u00f3n ni datos personales de personas menores de edad.<\/p>\n\n\n\n<h2 class=\"wp-block-heading\">1. <strong>DATOS RECOPILADOS<\/strong><\/h2>\n\n\n\n<p>Informaci\u00f3n personal:<\/p>\n\n\n\n<p>Los usuarios no registrados pueden ver videos sin registrarse y sin que se recopile ni procese informaci\u00f3n alguna. Sin embargo, se registrar\u00e1 la direcci\u00f3n IP del visitante en caso de apropiaci\u00f3n indebida de informaci\u00f3n o contenido.<\/p>\n\n\n\n<p>Miembros registrados: Es necesario registrarse para subir videos y acceder a otras funciones. Al registrarse, se solicita la siguiente informaci\u00f3n personal: nombre de usuario (obligatorio) y direcci\u00f3n de correo electr\u00f3nico (obligatorio). Tras el registro, se puede a\u00f1adir voluntariamente informaci\u00f3n personal adicional, como a\u00f1o de nacimiento, estado civil y orientaci\u00f3n sexual, para los miembros interesados en identificar y contactar a otros miembros que cumplan criterios espec\u00edficos. Todos estos datos, excepto la direcci\u00f3n de correo electr\u00f3nico y la direcci\u00f3n IP, son de acceso p\u00fablico.<\/p>\n\n\n\n<p>Contenido subido al sitio: cualquier informaci\u00f3n personal o contenido de video que usted divulgue voluntariamente en l\u00ednea se vuelve p\u00fablico y puede ser recopilado y utilizado por otros.<\/p>\n\n\n\n<p>Cookies: Al visitar freesexonvideo.com, podemos enviar una o m\u00e1s cookies a su ordenador para identificar de forma \u00fanica su sesi\u00f3n de navegaci\u00f3n. freesexonvideo.com utiliza tanto cookies de sesi\u00f3n como cookies persistentes. Si elimina su cookie persistente, es posible que algunas funciones del sitio no funcionen correctamente.<\/p>\n\n\n\n<p>Informaci\u00f3n del archivo de registro: cuando visita freesexonvideo.com, nuestros servidores pueden registrar autom\u00e1ticamente cierta informaci\u00f3n que su navegador web env\u00eda, como su solicitud web, direcci\u00f3n IP, tipo de navegador, idioma del navegador, URL de referencia, tipo de plataforma, nombres de dominio y la fecha y hora de su solicitud.<\/p>\n\n\n\n<p>Correos electr\u00f3nicos: si se comunica con nosotros, podremos conservar un registro de dicha correspondencia.<\/p>\n\n\n\n<h2 class=\"wp-block-heading\">2. <strong>USOS<\/strong><\/h2>\n\n\n\n<p>Su informaci\u00f3n de identificaci\u00f3n personal enviada a freesexonvideo.com se utiliza para proporcionar al usuario las caracter\u00edsticas del sitio web y funciones personalizadas especiales.<\/p>\n\n\n\n<p>Su nombre de usuario elegido (no su direcci\u00f3n de correo electr\u00f3nico) se muestra a otros Usuarios junto con el contenido que usted carga, incluidos videos, comentarios, los mensajes que env\u00eda a trav\u00e9s del correo privado de freesexonvideo.com, etc. Otros Usuarios pueden contactarlo a trav\u00e9s de mensajes privados.<\/p>\n\n\n\n<p>Cualquier v\u00eddeo que env\u00ede a freesexonvideo.com podr\u00e1 redistribuirse a trav\u00e9s de Internet y otros canales de medios, y podr\u00e1 ser visto por el p\u00fablico en general.<\/p>\n\n\n\n<p>No utilizamos su direcci\u00f3n de correo electr\u00f3nico ni otra informaci\u00f3n de identificaci\u00f3n personal para enviar mensajes comerciales o de marketing sin su consentimiento.<\/p>\n\n\n\n<p>Podemos utilizar su direcci\u00f3n de correo electr\u00f3nico sin consentimiento adicional para fines no comerciales o administrativos (como notificarle sobre cambios clave en el sitio web o para fines de servicio al cliente).<\/p>\n\n\n\n<ul class=\"wp-block-list\">\n<li><strong>OPCI\u00d3N DE INSCRIPCI\u00d3N Y COMUNICACI\u00d3N CON EL USUARIO<\/strong> El suscriptor reconoce y acepta expresa y espec\u00edficamente que su direcci\u00f3n de correo electr\u00f3nico u otro medio de comunicaci\u00f3n con \u00e9l podr\u00e1 utilizarse para enviarle ofertas, informaci\u00f3n o cualquier otro correo electr\u00f3nico comercial. En concreto, algunas ofertas podr\u00e1n presentarse al suscriptor mediante campa\u00f1as de correo electr\u00f3nico u otros medios de comunicaci\u00f3n, con la opci\u00f3n de expresar su preferencia haciendo clic en &quot;Aceptar&quot; (o &quot;S\u00ed&quot;) o &quot;Rechazar&quot; (o &quot;No&quot;). Al seleccionar o hacer clic en &quot;Aceptar&quot; o &quot;S\u00ed&quot;, el suscriptor indica que se suscribe a dicha oferta y, por lo tanto, acepta y consiente que su informaci\u00f3n personal, incluyendo su direcci\u00f3n de correo electr\u00f3nico y otros datos, pueda utilizarse para tal fin o divulgarse a terceros.<\/li>\n\n\n\n<li><strong>EXCLUSI\u00d3N VOLUNTARIA Y COMUNICACI\u00d3N AL USUARIO<\/strong> El suscriptor reconoce y acepta expresa y espec\u00edficamente que su direcci\u00f3n de correo electr\u00f3nico u otro medio de comunicaci\u00f3n con \u00e9l podr\u00e1 utilizarse para enviarle ofertas, informaci\u00f3n o cualquier otro correo electr\u00f3nico comercial. En concreto, se le podr\u00e1n presentar otras ofertas mediante campa\u00f1as de correo electr\u00f3nico u otros medios de comunicaci\u00f3n con una preferencia o elecci\u00f3n preseleccionada. Si el suscriptor no desmarca la preferencia preseleccionada (es decir, &quot;Darse de baja&quot; de la oferta), el sitio podr\u00e1 transferir la informaci\u00f3n de su perfil personal al proveedor de servicios o contenido externo que realiza la oferta. Si el suscriptor desmarca la preferencia preseleccionada, no se divulgar\u00e1 su informaci\u00f3n personal a ning\u00fan proveedor de servicios o contenido externo.<\/li>\n\n\n\n<li>Analizamos informaci\u00f3n agregada sobre el tr\u00e1fico de usuarios para ayudar a optimizar nuestras operaciones de marketing y alojamiento y para mejorar la calidad de la experiencia del usuario en freesexonvideo.com.<\/li>\n<\/ul>\n\n\n\n<h2 class=\"wp-block-heading\">3. DIVULGACI\u00d3N DE INFORMACI\u00d3N<\/h2>\n\n\n\n<p>Si est\u00e1 obligado a hacerlo, freesexonvideo.com podr\u00e1 divulgar datos para cumplir con cualquier obligaci\u00f3n legal, hacer cumplir nuestros T\u00e9rminos y Condiciones y otros acuerdos, o para proteger los derechos, la propiedad o la seguridad de freesexonvideo.com, de nuestros suscriptores o de terceros. Esto incluye el intercambio de informaci\u00f3n con otras empresas y organizaciones, como la polic\u00eda y las autoridades gubernamentales, para protegerse contra el fraude o cualquier otra actividad ilegal, est\u00e9 o no identificada en los T\u00e9rminos y Condiciones. Es pol\u00edtica de freesexonvideo.com, siempre que sea posible y legalmente permisible, notificarle de inmediato sobre la obligaci\u00f3n de proporcionar datos a terceros.<\/p>\n\n\n\n<p>Si usted carga deliberadamente material ilegal, freesexonvideo.com enviar\u00e1 toda la informaci\u00f3n disponible a todas las autoridades pertinentes y esto sin previo aviso.<\/p>\n\n\n\n<ul class=\"wp-block-list\">\n<li>No compartimos su informaci\u00f3n de identificaci\u00f3n personal (como nombre o direcci\u00f3n de correo electr\u00f3nico) con otras empresas de terceros para su uso comercial o de marketing sin su consentimiento o excepto como parte de un programa o funci\u00f3n espec\u00edfica para la cual tendr\u00e1 la posibilidad de optar por participar o no.<\/li>\n<\/ul>\n\n\n\n<h2 class=\"wp-block-heading\">4. SEGURIDAD<\/h2>\n\n\n\n<p>Si le hemos proporcionado (o si ha elegido una contrase\u00f1a) que le permite acceder a ciertas partes de nuestro Sitio, usted es responsable de mantener la confidencialidad de dicha contrase\u00f1a. Le pedimos que no la comparta con nadie.<\/p>\n\n\n\n<p>Lamentablemente, la transmisi\u00f3n de informaci\u00f3n por internet no es completamente segura. freesexonvideo.com utiliza medidas de seguridad f\u00edsicas, administrativas y t\u00e9cnicas razonables para preservar la integridad y seguridad de su informaci\u00f3n personal. Sin embargo, no podemos garantizar la seguridad de la informaci\u00f3n que transmita a freesexonvideo.com, y lo hace bajo su propio riesgo.<\/p>\n\n\n\n<h2 class=\"wp-block-heading\">5. SUS DERECHOS<\/h2>\n\n\n\n<p>Tiene derecho a acceder y corregir sus Datos haci\u00e9ndolo directamente en el sitio web o solicit\u00e1ndonoslo por correo electr\u00f3nico a <span style=\"display:inline;unicode-bidi:bidi-override;direction:rtl;\" class=\"\">moc.oedivnoxeseerf<span style=\"display:none;\">obfsctd-4b2803<\/span>@ofni<\/span>.<\/p>","protected":false},"excerpt":{"rendered":"<p>This document details important information regarding the use and disclosure of User Data collected on freesexonvideo.com The security of your Data is very important to freesexonvideo.com and as such we take all appropriate steps to limit the risk that it may be lost, damaged or misused. This site expressly and strictly limits its membership and\/or [&hellip;]<\/p>\n","protected":false},"author":1,"featured_media":0,"parent":0,"menu_order":0,"comment_status":"closed","ping_status":"closed","template":"","meta":{"footnotes":""},"class_list":["post-3","page","type-page","status-publish","hentry"],"_links":{"self":[{"href":"https:\/\/freesexonvideo.com\/es\/wp-json\/wp\/v2\/pages\/3","targetHints":{"allow":["GET"]}}],"collection":[{"href":"https:\/\/freesexonvideo.com\/es\/wp-json\/wp\/v2\/pages"}],"about":[{"href":"https:\/\/freesexonvideo.com\/es\/wp-json\/wp\/v2\/types\/page"}],"author":[{"embeddable":true,"href":"https:\/\/freesexonvideo.com\/es\/wp-json\/wp\/v2\/users\/1"}],"replies":[{"embeddable":true,"href":"https:\/\/freesexonvideo.com\/es\/wp-json\/wp\/v2\/comments?post=3"}],"version-history":[{"count":0,"href":"https:\/\/freesexonvideo.com\/es\/wp-json\/wp\/v2\/pages\/3\/revisions"}],"wp:attachment":[{"href":"https:\/\/freesexonvideo.com\/es\/wp-json\/wp\/v2\/media?parent=3"}],"curies":[{"name":"wp","href":"https:\/\/api.w.org\/{rel}","templated":true}]}}