{"id":304,"date":"2025-09-30T17:50:16","date_gmt":"2025-09-30T17:50:16","guid":{"rendered":"https:\/\/freesexonvideo.com\/?page_id=304"},"modified":"2025-10-10T13:51:59","modified_gmt":"2025-10-10T13:51:59","slug":"dmca","status":"publish","type":"page","link":"https:\/\/freesexonvideo.com\/es\/dmca\/","title":{"rendered":"DMCA"},"content":{"rendered":"<p>Respetamos los derechos de propiedad intelectual de terceros. No puede infringir los derechos de autor, marcas registradas ni otros derechos de propiedad intelectual de terceros. Podemos, a nuestra entera discreci\u00f3n, eliminar cualquier Contenido, Env\u00edo de Usuarios o Contenido de Terceros que consideremos que infringe los derechos de propiedad intelectual de terceros, y podemos cancelar su uso del Sitio Web si env\u00eda repetidamente dicho Contenido.<\/p>\n\n\n\n<p>Pol\u00edtica de infracciones reincidentes: como parte de nuestra pol\u00edtica de infracciones reincidentes, el acceso de un Usuario al Sitio web y\/o a sus funciones de carga y descarga se cancelar\u00e1 si, en condiciones apropiadas, se determina que el Usuario infringir\u00e1 repetidamente.<\/p>\n\n\n\n<p>De conformidad con la Ley de Derechos de Autor del Milenio Digital, si cree que se est\u00e1 infringiendo alguno de sus materiales protegidos por derechos de autor en el sitio web, hemos designado un agente para recibir notificaciones de supuestas infracciones de derechos de autor en: <span style=\"display:inline;unicode-bidi:bidi-override;direction:rtl;\" class=\"\">moc.oedivnoxeseerf<span style=\"display:none;\">obfsctd-139883<\/span>@acmd<\/span>.<\/p>\n\n\n\n<p>Todas las notificaciones que no sean relevantes para nosotros o que no sean efectivas seg\u00fan la ley no recibir\u00e1n respuesta ni acci\u00f3n alguna al respecto.<\/p>\n\n\n\n<p>La notificaci\u00f3n efectiva de una supuesta infracci\u00f3n debe ser una comunicaci\u00f3n escrita a nuestro agente que incluya sustancialmente lo siguiente:<\/p>\n\n\n\n<ul class=\"wp-block-list\">\n<li>Identificaci\u00f3n de la obra protegida por derechos de autor que se cree que se ha infringido. Describa la obra y, si es posible, incluya una copia o la ubicaci\u00f3n (por ejemplo, una URL) de una versi\u00f3n autorizada.<\/li>\n\n\n\n<li>Identificaci\u00f3n del material que se presume que infringe los derechos de autor y su ubicaci\u00f3n. Describa el material y proporcione una URL o cualquier otra informaci\u00f3n pertinente que nos permita localizarlo en el sitio web.<\/li>\n\n\n\n<li>Informaci\u00f3n que nos permitir\u00e1 comunicarnos con usted, incluyendo su direcci\u00f3n, n\u00famero de tel\u00e9fono y, si est\u00e1 disponible, su direcci\u00f3n de correo electr\u00f3nico;<\/li>\n\n\n\n<li>Una declaraci\u00f3n de que usted cree de buena fe que el uso del material del que se queja no est\u00e1 autorizado por usted, su agente o la ley;<\/li>\n\n\n\n<li>Una declaraci\u00f3n de que la informaci\u00f3n contenida en la notificaci\u00f3n es exacta y que, bajo pena de perjurio, usted es el propietario o est\u00e1 autorizado a actuar en nombre del propietario de la obra que supuestamente se ha infringido; y<\/li>\n\n\n\n<li>Una firma f\u00edsica o electr\u00f3nica del titular de los derechos de autor o de un representante autorizado.<\/li>\n<\/ul>","protected":false},"excerpt":{"rendered":"<p>We respect the intellectual property rights of others. You may not infringe the copyright, trademark or other proprietary informational rights of any party. We may in our sole discretion remove any Content, User Submissions or Third Party Content we have reason to believe violates any of the intellectual property rights of others and may terminate [&hellip;]<\/p>\n","protected":false},"author":1,"featured_media":0,"parent":0,"menu_order":0,"comment_status":"closed","ping_status":"closed","template":"","meta":{"footnotes":""},"class_list":["post-304","page","type-page","status-publish","hentry"],"_links":{"self":[{"href":"https:\/\/freesexonvideo.com\/es\/wp-json\/wp\/v2\/pages\/304","targetHints":{"allow":["GET"]}}],"collection":[{"href":"https:\/\/freesexonvideo.com\/es\/wp-json\/wp\/v2\/pages"}],"about":[{"href":"https:\/\/freesexonvideo.com\/es\/wp-json\/wp\/v2\/types\/page"}],"author":[{"embeddable":true,"href":"https:\/\/freesexonvideo.com\/es\/wp-json\/wp\/v2\/users\/1"}],"replies":[{"embeddable":true,"href":"https:\/\/freesexonvideo.com\/es\/wp-json\/wp\/v2\/comments?post=304"}],"version-history":[{"count":0,"href":"https:\/\/freesexonvideo.com\/es\/wp-json\/wp\/v2\/pages\/304\/revisions"}],"wp:attachment":[{"href":"https:\/\/freesexonvideo.com\/es\/wp-json\/wp\/v2\/media?parent=304"}],"curies":[{"name":"wp","href":"https:\/\/api.w.org\/{rel}","templated":true}]}}