{"id":4050,"date":"2025-10-17T15:17:57","date_gmt":"2025-10-17T15:17:57","guid":{"rendered":"https:\/\/freesexonvideo.com\/?page_id=4050"},"modified":"2026-04-03T21:18:45","modified_gmt":"2026-04-03T20:18:45","slug":"cams","status":"publish","type":"page","link":"https:\/\/freesexonvideo.com\/es\/cams\/","title":{"rendered":"C\u00e1maras"},"content":{"rendered":"<!--\n<p style=\"margin:15px 0 20px 0; \">\n<script fetchpriority=\"high\" src=\"https:\/\/crxcr2.com\/cams-widget-ext\/script?landing_id=%7Boffer_url_id%7D&genders=f%2Cf&providers=streamate%2Cstreamate%2Cbongacash%2Chuge%20traffic%2Cstripchat%2Cbongacash%2Cmfc%2Cawempire%2Cimlive%2Cchaturbate&skin=0&containerAlignment=center&cols=0&rows=0&number=50&background=transparent&useFeed=1&animateFeed=1&smoothAnimation=1&ratio=1&verticalSpace=10px&horizontalSpace=10px&colorFilter=%23ffffff&colorFilterStrength=0.1&cardsBorderTop=2px&cardsBorderRight=2px&cardsBorderBottom=2px&cardsBorderLeft=2px&cardsBorderColor=%23de3b18&cardsBorderRadius=10px&showOnline=1&fontFamily=Roboto&fontSize=14px&infoTopTextColor=%23ffffff&infoTopPos=outside&infoTopLeftContent=-&infoTopRightContent=-&infoBottomTextColor=%23ffffff&infoBottomPos=outside&infoBottomLeftContent=name&infoBottomRightContent=gender&infoBottomBackgroundColor=%23de3b18&AuxiliaryCSS=.cw-info-ctn%20%7Bmargin%3A10px%200%207px%200%3B%7D%20%0A&lang=en&token=86b85b80-b59c-11f0-a0be-599b2cd91549&api_key=cefed9b9ff21e25bc6c8f4d0d5fb6b6440a3a36b14633f87c8566bb6972f7004\"><\/script>\n<\/p>\n-->\n\n\n\n<div class=\"wp-block-buttons has-custom-font-size has-x-large-font-size is-horizontal is-content-justification-center is-layout-flex wp-container-core-buttons-is-layout-0bd2c8ef wp-block-buttons-is-layout-flex\">\n<div class=\"wp-block-button has-custom-width wp-block-button__width-50 is-style-fill\"><a class=\"wp-block-button__link has-white-color has-text-color has-background has-link-color has-text-align-center has-custom-font-size wp-element-button\" href=\"https:\/\/freesexonvideo.com\/adv\/lookup\/livejasmin-link-cams\/\" style=\"border-radius:5px;background-color:#de3b18;font-size:16px\" target=\"_blank\" rel=\"noreferrer noopener nofollow\">Jazm\u00edn en vivo<\/a><\/div>\n<\/div>\n\n\n\n<div class=\"wp-block-buttons has-custom-font-size has-x-large-font-size is-horizontal is-content-justification-center is-layout-flex wp-container-core-buttons-is-layout-0bd2c8ef wp-block-buttons-is-layout-flex\">\n<div class=\"wp-block-button has-custom-width wp-block-button__width-50 is-style-fill\"><a class=\"wp-block-button__link has-white-color has-text-color has-background has-link-color has-text-align-center has-custom-font-size wp-element-button\" href=\"https:\/\/freesexonvideo.com\/adv\/lookup\/livejasmin-link-cams\/\" style=\"border-radius:5px;background-color:#de3b18;font-size:16px\" target=\"_blank\" rel=\"noreferrer noopener nofollow\">Jazm\u00edn en vivo<\/a><\/div>\n<\/div>\n\n\n\n<div class=\"wp-block-buttons has-custom-font-size has-x-large-font-size is-horizontal is-content-justification-center is-layout-flex wp-container-core-buttons-is-layout-0bd2c8ef wp-block-buttons-is-layout-flex\">\n<div class=\"wp-block-button has-custom-width wp-block-button__width-50 is-style-fill\"><a class=\"wp-block-button__link has-white-color has-text-color has-background has-link-color has-text-align-center has-custom-font-size wp-element-button\" href=\"https:\/\/freesexonvideo.com\/adv\/lookup\/livejasmin-link-cams\/\" style=\"border-radius:5px;background-color:#de3b18;font-size:16px\" target=\"_blank\" rel=\"noreferrer noopener nofollow\">Jazm\u00edn en vivo<\/a><\/div>\n<\/div>\n\n\n\n<div class=\"wp-block-buttons has-custom-font-size has-x-large-font-size is-horizontal is-content-justification-center is-layout-flex wp-container-core-buttons-is-layout-0bd2c8ef wp-block-buttons-is-layout-flex\">\n<div class=\"wp-block-button has-custom-width wp-block-button__width-50 is-style-fill\"><a class=\"wp-block-button__link has-white-color has-text-color has-background has-link-color has-text-align-center has-custom-font-size wp-element-button\" href=\"https:\/\/freesexonvideo.com\/adv\/lookup\/livejasmin-link-cams\/\" style=\"border-radius:5px;background-color:#de3b18;font-size:16px\" target=\"_blank\" rel=\"noreferrer noopener nofollow\">Jazm\u00edn en vivo<\/a><\/div>\n<\/div>\n\n\n\n<div class=\"wp-block-buttons has-custom-font-size has-x-large-font-size is-horizontal is-content-justification-center is-layout-flex wp-container-core-buttons-is-layout-0bd2c8ef wp-block-buttons-is-layout-flex\">\n<div class=\"wp-block-button has-custom-width wp-block-button__width-50 is-style-fill\"><a class=\"wp-block-button__link has-white-color has-text-color has-background has-link-color has-text-align-center has-custom-font-size wp-element-button\" href=\"https:\/\/freesexonvideo.com\/adv\/lookup\/livejasmin-link-cams\/\" style=\"border-radius:5px;background-color:#de3b18;font-size:16px\" target=\"_blank\" rel=\"noreferrer noopener nofollow\">Jazm\u00edn en vivo<\/a><\/div>\n<\/div>\n\n\n\n<h2 class=\"wp-block-heading\">Bienvenidos a la c\u00e1mara en vivo de Jasmin Girls<\/h2>\n\n\n\n<p>Bienvenido a Live Jasmin Girls&#039; Cam, tu mejor opci\u00f3n online para disfrutar de webcams para adultos en vivo con las mejores modelos de todo el mundo. Esta p\u00e1gina te ofrece acceso directo e instant\u00e1neo a las mejores modelos de Live Jasmin a trav\u00e9s de un iframe integrado, lo que te permite disfrutar de actuaciones en vivo de alta calidad sin salir del sitio. Ya sea que busques coqueteo juguet\u00f3n, striptease seductor o shows privados \u00edntimos, Live Jasmin Girls&#039; Cam te ofrece una variedad inigualable de webcams para adultos dise\u00f1adas para satisfacer tus deseos en un entorno seguro, discreto y placentero.<\/p>\n\n\n\n<h2 class=\"wp-block-heading\">Por qu\u00e9 Live Jasmin es l\u00edder en entretenimiento con c\u00e1maras web<\/h2>\n\n\n\n<p>Live Jasmin destaca como una de las plataformas de webcam l\u00edderes de la industria, conocida por su calidad de transmisi\u00f3n HD premium, modelos profesionales y funciones interactivas que llevan la experiencia m\u00e1s all\u00e1 del entretenimiento para adultos tradicional. Aqu\u00ed, puedes ver e interactuar con una amplia selecci\u00f3n de chicas hermosas de todos los estilos y or\u00edgenes, desde rubias sensuales y pelirrojas apasionadas hasta bellezas ex\u00f3ticas y nuevas y encantadoras. La plataforma ofrece m\u00e1s de 2000 modelos transmitiendo en vivo las 24 horas, lo que garantiza que siempre haya alguien en l\u00ednea lista para cautivarte con sus talentos \u00fanicos y su encanto personal.<\/p>\n\n\n\n<h2 class=\"wp-block-heading\">Diversos modelos y categor\u00edas para satisfacer todos los deseos<\/h2>\n\n\n\n<p>Usando la interfaz de Live Jasmin Girls&#039; Cam integrada aqu\u00ed, tendr\u00e1s acceso instant\u00e1neo a un amplio cat\u00e1logo de modelos elegantes y verificadas que act\u00faan en tiempo real en diversas categor\u00edas y fetiches. Ya sea que te gusten las provocaciones sensuales, la acci\u00f3n intensa, los juegos fetichistas o incluso los juegos de rol, encontrar\u00e1s a tu chica webcam ideal aqu\u00ed. Las potentes opciones de b\u00fasqueda y filtro del sitio te permiten clasificar a las modelos por color de pelo, tipo de cuerpo, idioma, popularidad y m\u00e1s, para que puedas encontrar f\u00e1cilmente a la modelo ideal para tu estado de \u00e1nimo y preferencias.<\/p>\n\n\n\n<h2 class=\"wp-block-heading\">Funciones interactivas para una experiencia personalizada<\/h2>\n\n\n\n<p>Uno de los aspectos m\u00e1s emocionantes de Live Jasmin es la posibilidad de interactuar plenamente con las modelos. A trav\u00e9s del chat en vivo, puedes enviar mensajes de texto, recomendar contenido exclusivo a las modelos y solicitar espect\u00e1culos personalizados a la medida de tus fantas\u00edas. Algunas chicas ofrecen sesiones privadas por webcam, donde t\u00fa controlas el ritmo y el estilo del espect\u00e1culo, haci\u00e9ndolo tan \u00edntimo y emocionante como desees. Con funciones como audio bidireccional e interacci\u00f3n c\u00e1mara a c\u00e1mara, la conexi\u00f3n que estableces se siente genuina y cautivadora, ofreciendo un nivel de entretenimiento para adultos que realmente destaca.<\/p>\n\n\n\n<h2 class=\"wp-block-heading\">Su privacidad y seguridad son nuestras m\u00e1ximas prioridades<\/h2>\n\n\n\n<p>La seguridad y la privacidad son primordiales en Live Jasmin Girls&#039; Cam. La plataforma utiliza encriptaci\u00f3n avanzada y m\u00e9todos de pago seguros para proteger tu informaci\u00f3n, garantizando la discreci\u00f3n de tu navegaci\u00f3n e interacciones. Ya sea que elijas navegar tranquilamente o disfrutar de sesiones privadas, puedes hacerlo con la tranquilidad de que Live Jasmin cumple con las pol\u00edticas de verificaci\u00f3n de edad y las mejores pr\u00e1cticas de la industria para la seguridad de los artistas.<\/p>\n\n\n\n<h2 class=\"wp-block-heading\">Calidad de transmisi\u00f3n de primera clase en todos los dispositivos<\/h2>\n\n\n\n<p>La calidad de transmisi\u00f3n en Live Jasmin es excepcional, con video HD n\u00edtido que muestra cada detalle de las actuaciones de tus modelos favoritas directamente en tu pantalla. Ya sea que uses una computadora, laptop o dispositivo m\u00f3vil, la plataforma se adapta perfectamente, ofreciendo una reproducci\u00f3n fluida incluso en horas de alta afluencia. Puedes ver las transmisiones en pantalla completa, usar la pantalla dividida para ver a varias modelos simult\u00e1neamente o desplegar ventanas para realizar varias tareas mientras disfrutas de tus c\u00e1maras para adultos favoritas.<\/p>\n\n\n\n<h2 class=\"wp-block-heading\">Perfiles de modelos detallados para mejorar tu experiencia<\/h2>\n\n\n\n<p>Los perfiles de las modelos en Live Jasmin son completos e interactivos, con fotos de fondo, videoclips y actualizaciones de estado en tiempo real para que puedas conocerlas antes de unirte a su show. Muchas modelos tienen clubes de fans o canales exclusivos donde puedes acceder a fotos adicionales, contenido del detr\u00e1s de c\u00e1maras y transmisiones de eventos especiales. Esto mantiene la experiencia fresca y emocionante, fortaleciendo el v\u00ednculo entre el espectador y la modelo.<\/p>\n\n\n\n<h2 class=\"wp-block-heading\">Opciones de visualizaci\u00f3n flexibles que se adaptan a su estilo<\/h2>\n\n\n\n<p>Como usuario, tienes opciones flexibles para explorar el sitio seg\u00fan tus gustos y preferencias. Ya sea que prefieras espect\u00e1culos p\u00fablicos gratuitos o quieras invertir cr\u00e9ditos para acceder a contenido privado, Live Jasmin Girls&#039; Cam ofrece una incre\u00edble variedad de experiencias de webcam. El sistema de cr\u00e9ditos te permite dar propinas a las modelos, desbloquear funciones especiales y reservar sesiones privadas, todo controlado por ti a tu conveniencia. Live Jasmin admite m\u00faltiples m\u00e9todos de pago en todo el mundo para que tus transacciones sean f\u00e1ciles y seguras.<\/p>\n\n\n\n<h2 class=\"wp-block-heading\">El portal definitivo para el entretenimiento con c\u00e1maras web en vivo<\/h2>\n\n\n\n<p>En resumen, esta p\u00e1gina de Live Jasmin Girls&#039; Cam es tu puerta de entrada a las mejores chicas webcam en vivo en una de las plataformas para adultos m\u00e1s confiables e innovadoras de internet. Ya sea que busques una experiencia casual o interacciones profundas y personalizadas, el iframe integrado te conecta al instante con miles de modelos hermosas y talentosas listas para entretenerte cuando quieras. Disfruta de transmisiones HD de la m\u00e1s alta calidad, sesiones seguras y privadas, y las funciones interactivas que hacen de Live Jasmin la opci\u00f3n favorita de los amantes de las webcams de todo el mundo.<\/p>\n\n\n\n<h2 class=\"wp-block-heading\">Comienza tu experiencia Jasmin en vivo hoy<\/h2>\n\n\n\n<p>Sum\u00e9rgete en el mundo de Live Jasmin Girls&#039; Cam ahora: explora, con\u00e9ctate y disfruta del mejor entretenimiento para adultos en vivo que esta plataforma tiene para ofrecer, todo desde la comodidad y privacidad de tu propio espacio.<\/p>\n\n\n\n<div class=\"wp-block-buttons has-custom-font-size has-x-large-font-size is-horizontal is-content-justification-center is-layout-flex wp-container-core-buttons-is-layout-0bd2c8ef wp-block-buttons-is-layout-flex\">\n<div class=\"wp-block-button has-custom-width wp-block-button__width-50 is-style-fill\"><a class=\"wp-block-button__link has-white-color has-text-color has-background has-link-color has-text-align-center has-custom-font-size wp-element-button\" href=\"https:\/\/freesexonvideo.com\/adv\/lookup\/livejasmin-link-cams\/\" style=\"border-radius:5px;background-color:#de3b18;font-size:16px\" target=\"_blank\" rel=\"noreferrer noopener nofollow\">Jazm\u00edn en vivo<\/a><\/div>\n<\/div>","protected":false},"excerpt":{"rendered":"<p>Welcome to Live Jasmin Girls&#8217; Cam Welcome to Live Jasmin Girls&#8217; Cam, your premier online destination for live adult webcam entertainment featuring the best models from around the world. This page provides you with direct, instant access to the top-rated Live Jasmin cam girls through an integrated iframe, allowing you to enjoy high-quality live performances [&hellip;]<\/p>\n","protected":false},"author":1,"featured_media":0,"parent":0,"menu_order":0,"comment_status":"closed","ping_status":"closed","template":"","meta":{"footnotes":""},"class_list":["post-4050","page","type-page","status-publish","hentry"],"_links":{"self":[{"href":"https:\/\/freesexonvideo.com\/es\/wp-json\/wp\/v2\/pages\/4050","targetHints":{"allow":["GET"]}}],"collection":[{"href":"https:\/\/freesexonvideo.com\/es\/wp-json\/wp\/v2\/pages"}],"about":[{"href":"https:\/\/freesexonvideo.com\/es\/wp-json\/wp\/v2\/types\/page"}],"author":[{"embeddable":true,"href":"https:\/\/freesexonvideo.com\/es\/wp-json\/wp\/v2\/users\/1"}],"replies":[{"embeddable":true,"href":"https:\/\/freesexonvideo.com\/es\/wp-json\/wp\/v2\/comments?post=4050"}],"version-history":[{"count":1,"href":"https:\/\/freesexonvideo.com\/es\/wp-json\/wp\/v2\/pages\/4050\/revisions"}],"predecessor-version":[{"id":11883,"href":"https:\/\/freesexonvideo.com\/es\/wp-json\/wp\/v2\/pages\/4050\/revisions\/11883"}],"wp:attachment":[{"href":"https:\/\/freesexonvideo.com\/es\/wp-json\/wp\/v2\/media?parent=4050"}],"curies":[{"name":"wp","href":"https:\/\/api.w.org\/{rel}","templated":true}]}}