{"id":861,"date":"2025-10-02T18:00:35","date_gmt":"2025-10-02T18:00:35","guid":{"rendered":"https:\/\/freesexonvideo.com\/?page_id=861"},"modified":"2025-10-17T11:02:34","modified_gmt":"2025-10-17T11:02:34","slug":"18-usc-2257","status":"publish","type":"page","link":"https:\/\/freesexonvideo.com\/es\/18-usc-2257\/","title":{"rendered":"2257"},"content":{"rendered":"<p>Freesexonvideo.com no produce (ni principal ni secundariamente) el contenido de su sitio web (Freesexonvideo.com). Con respecto a los registros, seg\u00fan el T\u00edtulo 18 del C\u00f3digo de los Estados Unidos, Secci\u00f3n 2257, para todo el contenido de este sitio, le rogamos que dirija su solicitud al sitio para el que se produjo el contenido.<\/p>\n\n\n\n<p>Freesexonvideo.com es un sitio para compartir videos que permite cargar, compartir y ver en general varios tipos de contenido para adultos y, si bien Freesexonvideo.com hace lo mejor que puede para verificar el cumplimiento, es posible que no sea 100% exacto.<\/p>\n\n\n\n<p>Freesexonvideo.com cumple con los siguientes procedimientos para garantizar el cumplimiento:<br>Se requiere que todos los usuarios tengan 18 a\u00f1os de edad para cargar videos.<br>Al subir contenido, el usuario deber\u00e1 verificar el contenido; asegurar que tiene 18 a\u00f1os de edad; certificar que mantiene registros de los modelos en el contenido y que son mayores de 18 a\u00f1os.<\/p>\n\n\n\n<p>Para obtener m\u00e1s ayuda y\/o informaci\u00f3n para encontrar el sitio de origen del contenido, comun\u00edquese con el departamento de cumplimiento de Freesexonvideo.com al <span style=\"display:inline;unicode-bidi:bidi-override;direction:rtl;\" class=\"\">moc.oedivnoxeseerf<span style=\"display:none;\">obfsctd-4738de<\/span>@ofni<\/span>.<\/p>\n\n\n\n<p>Freesexonvideo.com permite marcar contenido como inapropiado. Si alg\u00fan contenido se marca como ilegal, il\u00edcito, acosador, da\u00f1ino, ofensivo o por cualquier otra raz\u00f3n, Freesexonvideo.com lo eliminar\u00e1 del sitio sin demora.<\/p>\n\n\n\n<p>Se insta a los usuarios de Freesexonvideo.com que se encuentren con dicho contenido a que informen sobre la(s) URL espec\u00edficas como inapropiadas enviando un correo electr\u00f3nico a: <span style=\"display:inline;unicode-bidi:bidi-override;direction:rtl;\" class=\"\">moc.oedivnoxeseerf<span style=\"display:none;\">obfsctd-6d55c0<\/span>@ofni<\/span> especificando la(s) supuesta(s) URL.<\/p>","protected":false},"excerpt":{"rendered":"<p>Freesexonvideo.com is not a producer (primary or secondary) of any and all of the content found on the website (Freesexonvideo.com). With respect to the records as per 18 USC 2257 for any and all content found on this site, please kindly direct your request to the site for which the content was produced. Freesexonvideo.com is [&hellip;]<\/p>\n","protected":false},"author":1,"featured_media":0,"parent":0,"menu_order":0,"comment_status":"closed","ping_status":"closed","template":"","meta":{"footnotes":""},"class_list":["post-861","page","type-page","status-publish","hentry"],"_links":{"self":[{"href":"https:\/\/freesexonvideo.com\/es\/wp-json\/wp\/v2\/pages\/861","targetHints":{"allow":["GET"]}}],"collection":[{"href":"https:\/\/freesexonvideo.com\/es\/wp-json\/wp\/v2\/pages"}],"about":[{"href":"https:\/\/freesexonvideo.com\/es\/wp-json\/wp\/v2\/types\/page"}],"author":[{"embeddable":true,"href":"https:\/\/freesexonvideo.com\/es\/wp-json\/wp\/v2\/users\/1"}],"replies":[{"embeddable":true,"href":"https:\/\/freesexonvideo.com\/es\/wp-json\/wp\/v2\/comments?post=861"}],"version-history":[{"count":0,"href":"https:\/\/freesexonvideo.com\/es\/wp-json\/wp\/v2\/pages\/861\/revisions"}],"wp:attachment":[{"href":"https:\/\/freesexonvideo.com\/es\/wp-json\/wp\/v2\/media?parent=861"}],"curies":[{"name":"wp","href":"https:\/\/api.w.org\/{rel}","templated":true}]}}