{"id":3,"date":"2025-09-28T17:43:37","date_gmt":"2025-09-28T17:43:37","guid":{"rendered":"https:\/\/www.freesexonvideo.com\/?page_id=3"},"modified":"2025-10-10T13:51:53","modified_gmt":"2025-10-10T13:51:53","slug":"privacy-policy","status":"publish","type":"page","link":"https:\/\/freesexonvideo.com\/fr\/privacy-policy\/","title":{"rendered":"Confidentialit\u00e9"},"content":{"rendered":"<p>Ce document d\u00e9taille des informations importantes concernant l&#039;utilisation et la divulgation des donn\u00e9es utilisateur collect\u00e9es sur freesexonvideo.com<\/p>\n\n\n\n<p>La s\u00e9curit\u00e9 de vos donn\u00e9es est tr\u00e8s importante pour freesexonvideo.com et \u00e0 ce titre, nous prenons toutes les mesures appropri\u00e9es pour limiter le risque qu&#039;elles soient perdues, endommag\u00e9es ou utilis\u00e9es \u00e0 mauvais escient.<\/p>\n\n\n\n<p>Ce site limite express\u00e9ment et strictement son adh\u00e9sion et\/ou ses droits de consultation aux adultes de 18 ans et plus ou ayant atteint l&#039;\u00e2ge de la majorit\u00e9 dans leur communaut\u00e9. Il est strictement interdit \u00e0 toute personne ne r\u00e9pondant pas \u00e0 ces crit\u00e8res d&#039;acc\u00e9der au contenu de ce site ou de le consulter. Nous ne recherchons ni ne collectons sciemment aucune information personnelle aupr\u00e8s de personnes mineures.<\/p>\n\n\n\n<h2 class=\"wp-block-heading\">1. <strong>DONN\u00c9ES COLLECT\u00c9ES<\/strong><\/h2>\n\n\n\n<p>Informations personnelles:<\/p>\n\n\n\n<p>Les utilisateurs non inscrits peuvent regarder des vid\u00e9os sans inscription et sans qu&#039;aucune information ne soit collect\u00e9e ni trait\u00e9e. Cependant, l&#039;adresse IP du visiteur sera enregistr\u00e9e en cas de d\u00e9tournement d&#039;informations et\/ou de contenu.<\/p>\n\n\n\n<p>Membres inscrits\u00a0: L\u2019inscription est obligatoire pour t\u00e9l\u00e9charger des vid\u00e9os et acc\u00e9der \u00e0 diverses autres fonctionnalit\u00e9s. Les informations personnelles suivantes sont demand\u00e9es lors de l\u2019inscription\u00a0: nom d\u2019utilisateur (obligatoire) et adresse courriel (obligatoire). Des informations personnelles suppl\u00e9mentaires, telles que l\u2019ann\u00e9e de naissance, le statut matrimonial et l\u2019orientation sexuelle, peuvent \u00eatre ajout\u00e9es sur une base volontaire apr\u00e8s l\u2019inscription, pour les membres souhaitant identifier et potentiellement contacter d\u2019autres membres r\u00e9pondant \u00e0 des crit\u00e8res sp\u00e9cifiques. Toutes ces donn\u00e9es, \u00e0 l\u2019exception de l\u2019adresse courriel et de l\u2019adresse IP, sont accessibles au public.<\/p>\n\n\n\n<p>Contenu t\u00e9l\u00e9charg\u00e9 sur le site : Toute information personnelle ou contenu vid\u00e9o que vous divulguez volontairement en ligne devient accessible au public et peut \u00eatre collect\u00e9 et utilis\u00e9 par d&#039;autres.<\/p>\n\n\n\n<p>Cookies\u00a0: Lorsque vous visitez freesexonvideo.com, nous pouvons envoyer un ou plusieurs cookies \u00e0 votre ordinateur pour identifier votre session de navigation. freesexonvideo.com utilise \u00e0 la fois des cookies de session et des cookies persistants. Si vous supprimez votre cookie persistant, certaines fonctionnalit\u00e9s du site pourraient ne pas fonctionner correctement.<\/p>\n\n\n\n<p>Informations sur le fichier journal : lorsque vous visitez freesexonvideo.com, nos serveurs peuvent enregistrer automatiquement certaines informations que votre navigateur Web envoie, telles que votre demande Web, votre adresse IP, le type de navigateur, la langue du navigateur, l&#039;URL de r\u00e9f\u00e9rence, le type de plate-forme, les noms de domaine et la date et l&#039;heure de votre demande.<\/p>\n\n\n\n<p>Courriels : Si vous nous contactez, nous pouvons conserver un enregistrement de cette correspondance.<\/p>\n\n\n\n<h2 class=\"wp-block-heading\">2. <strong>UTILISATIONS<\/strong><\/h2>\n\n\n\n<p>Vos informations personnelles identifiables soumises \u00e0 freesexonvideo.com sont utilis\u00e9es pour fournir \u00e0 l&#039;utilisateur les fonctionnalit\u00e9s du site Web et des fonctionnalit\u00e9s personnalis\u00e9es sp\u00e9ciales.<\/p>\n\n\n\n<p>Votre nom d&#039;utilisateur choisi (pas votre adresse e-mail) est affich\u00e9 aux autres utilisateurs \u00e0 c\u00f4t\u00e9 du contenu que vous t\u00e9l\u00e9chargez, y compris les vid\u00e9os, les commentaires, les messages que vous envoyez via la messagerie priv\u00e9e freesexonvideo.com, etc. Les autres utilisateurs peuvent vous contacter via des messages priv\u00e9s.<\/p>\n\n\n\n<p>Toutes les vid\u00e9os que vous soumettez \u00e0 freesexonvideo.com peuvent \u00eatre redistribu\u00e9es sur Internet et d&#039;autres canaux m\u00e9diatiques, et peuvent \u00eatre visionn\u00e9es par le grand public.<\/p>\n\n\n\n<p>Nous n&#039;utilisons pas votre adresse e-mail ou d&#039;autres informations personnelles identifiables pour envoyer des messages commerciaux ou marketing sans votre consentement.<\/p>\n\n\n\n<p>Nous pouvons utiliser votre adresse e-mail sans autre consentement \u00e0 des fins non commerciales ou administratives (comme pour vous informer des modifications cl\u00e9s du site Web ou \u00e0 des fins de service client).<\/p>\n\n\n\n<ul class=\"wp-block-list\">\n<li><strong>OPT-IN ET COMMUNICATION AVEC LES UTILISATEURS<\/strong> L&#039;abonn\u00e9 reconna\u00eet et accepte express\u00e9ment que son adresse e-mail ou tout autre moyen de communication avec lui puisse \u00eatre utilis\u00e9 pour lui envoyer des offres, des informations ou tout autre e-mail \u00e0 caract\u00e8re commercial. Plus pr\u00e9cis\u00e9ment, certaines offres peuvent lui \u00eatre pr\u00e9sent\u00e9es par le biais de campagnes e-mail ou d&#039;autres moyens de communication, avec la possibilit\u00e9 d&#039;exprimer sa pr\u00e9f\u00e9rence en cliquant ou en saisissant \u00ab\u00a0Accepter\u00a0\u00bb (ou \u00ab\u00a0Oui\u00a0\u00bb) ou \u00ab\u00a0Refuser\u00a0\u00bb (ou \u00ab\u00a0Non\u00a0\u00bb). En cliquant ou en s\u00e9lectionnant \u00ab\u00a0Accepter\u00a0\u00bb ou \u00ab\u00a0Oui\u00a0\u00bb, l&#039;abonn\u00e9 indique qu&#039;il accepte cette offre et consent ainsi \u00e0 ce que ses informations personnelles, y compris son adresse e-mail et ses donn\u00e9es, soient utilis\u00e9es \u00e0 cette fin ou divulgu\u00e9es \u00e0 des tiers.<\/li>\n\n\n\n<li><strong>OPT-OUT ET COMMUNICATION AUX UTILISATEURS<\/strong> L&#039;abonn\u00e9 reconna\u00eet et accepte express\u00e9ment que son adresse e-mail ou tout autre moyen de communication avec lui puisse \u00eatre utilis\u00e9 pour lui envoyer des offres, des informations ou tout autre e-mail ou moyen de communication \u00e0 caract\u00e8re commercial. Plus pr\u00e9cis\u00e9ment, d&#039;autres offres peuvent lui \u00eatre pr\u00e9sent\u00e9es par le biais de campagnes e-mail ou d&#039;autres moyens de communication, avec une pr\u00e9f\u00e9rence ou un choix pr\u00e9s\u00e9lectionn\u00e9. Si l&#039;abonn\u00e9 ne d\u00e9sactive pas cette pr\u00e9f\u00e9rence (c&#039;est-\u00e0-dire en refusant l&#039;offre), le site peut transf\u00e9rer les informations de son profil personnel au fournisseur de services ou de contenu tiers \u00e0 l&#039;origine de l&#039;offre. Si l&#039;abonn\u00e9 d\u00e9sactive cette pr\u00e9f\u00e9rence, aucune information personnelle le concernant ne peut \u00eatre divulgu\u00e9e \u00e0 un fournisseur de services ou de contenu tiers.<\/li>\n\n\n\n<li>Nous analysons les informations agr\u00e9g\u00e9es sur le trafic utilisateur pour aider \u00e0 rationaliser nos op\u00e9rations de marketing et d&#039;h\u00e9bergement et pour am\u00e9liorer la qualit\u00e9 de l&#039;exp\u00e9rience utilisateur de freesexonvideo.com.<\/li>\n<\/ul>\n\n\n\n<h2 class=\"wp-block-heading\">3. DIVULGATION D&#039;INFORMATIONS<\/h2>\n\n\n\n<p>Si freesexonvideo.com est tenu de le faire, il peut divulguer des donn\u00e9es pour se conformer \u00e0 toute obligation l\u00e9gale, pour faire respecter nos Conditions g\u00e9n\u00e9rales et autres accords, ou pour prot\u00e9ger les droits, la propri\u00e9t\u00e9 ou la s\u00e9curit\u00e9 de freesexonvideo.com, de nos abonn\u00e9s ou d&#039;autres personnes. Cela inclut l&#039;\u00e9change d&#039;informations avec d&#039;autres entreprises et organisations, y compris la police et les autorit\u00e9s gouvernementales, \u00e0 des fins de protection contre la fraude ou toute autre activit\u00e9 ill\u00e9gale, identifi\u00e9e ou non dans les Conditions g\u00e9n\u00e9rales. La politique de freesexonvideo.com, dans la mesure du possible et de la loi, consiste \u00e0 vous informer rapidement de toute obligation de fournir des donn\u00e9es \u00e0 un tiers.<\/p>\n\n\n\n<p>Si vous t\u00e9l\u00e9chargez d\u00e9lib\u00e9r\u00e9ment du mat\u00e9riel ill\u00e9gal, freesexonvideo.com transmettra toutes les informations disponibles \u00e0 toutes les autorit\u00e9s comp\u00e9tentes et ce sans pr\u00e9avis.<\/p>\n\n\n\n<ul class=\"wp-block-list\">\n<li>Nous ne partageons pas vos informations personnelles identifiables (telles que votre nom ou votre adresse e-mail) avec d&#039;autres soci\u00e9t\u00e9s tierces pour leur utilisation commerciale ou marketing sans votre consentement ou sauf dans le cadre d&#039;un programme ou d&#039;une fonctionnalit\u00e9 sp\u00e9cifique pour lequel vous aurez la possibilit\u00e9 d&#039;accepter ou de refuser.<\/li>\n<\/ul>\n\n\n\n<h2 class=\"wp-block-heading\">4. S\u00c9CURIT\u00c9<\/h2>\n\n\n\n<p>Si nous vous avons fourni (ou si vous avez choisi) un mot de passe vous permettant d&#039;acc\u00e9der \u00e0 certaines parties de notre Site, vous \u00eates responsable de la confidentialit\u00e9 de ce mot de passe. Nous vous demandons de ne le communiquer \u00e0 personne.<\/p>\n\n\n\n<p>Malheureusement, la transmission d&#039;informations via Internet n&#039;est pas totalement s\u00e9curis\u00e9e. freesexonvideo.com met en \u0153uvre des mesures de protection physiques, administratives et techniques commercialement raisonnables pour pr\u00e9server l&#039;int\u00e9grit\u00e9 et la s\u00e9curit\u00e9 de vos informations personnelles. Cependant, nous ne pouvons garantir la s\u00e9curit\u00e9 des informations que vous transmettez \u00e0 freesexonvideo.com\u00a0; vous le faites \u00e0 vos propres risques.<\/p>\n\n\n\n<h2 class=\"wp-block-heading\">5. VOS DROITS<\/h2>\n\n\n\n<p>Vous avez le droit d&#039;acc\u00e9der \u00e0 vos donn\u00e9es et de les corriger en le faisant directement sur le site Web ou en nous le demandant par courrier \u00e9lectronique \u00e0 l&#039;adresse <span style=\"display:inline;unicode-bidi:bidi-override;direction:rtl;\" class=\"\">moc.oedivnoxeseerf<span style=\"display:none;\">obfsctd-7fc33f<\/span>@ofni<\/span>.<\/p>","protected":false},"excerpt":{"rendered":"<p>This document details important information regarding the use and disclosure of User Data collected on freesexonvideo.com The security of your Data is very important to freesexonvideo.com and as such we take all appropriate steps to limit the risk that it may be lost, damaged or misused. This site expressly and strictly limits its membership and\/or [&hellip;]<\/p>\n","protected":false},"author":1,"featured_media":0,"parent":0,"menu_order":0,"comment_status":"closed","ping_status":"closed","template":"","meta":{"footnotes":""},"class_list":["post-3","page","type-page","status-publish","hentry"],"_links":{"self":[{"href":"https:\/\/freesexonvideo.com\/fr\/wp-json\/wp\/v2\/pages\/3","targetHints":{"allow":["GET"]}}],"collection":[{"href":"https:\/\/freesexonvideo.com\/fr\/wp-json\/wp\/v2\/pages"}],"about":[{"href":"https:\/\/freesexonvideo.com\/fr\/wp-json\/wp\/v2\/types\/page"}],"author":[{"embeddable":true,"href":"https:\/\/freesexonvideo.com\/fr\/wp-json\/wp\/v2\/users\/1"}],"replies":[{"embeddable":true,"href":"https:\/\/freesexonvideo.com\/fr\/wp-json\/wp\/v2\/comments?post=3"}],"version-history":[{"count":0,"href":"https:\/\/freesexonvideo.com\/fr\/wp-json\/wp\/v2\/pages\/3\/revisions"}],"wp:attachment":[{"href":"https:\/\/freesexonvideo.com\/fr\/wp-json\/wp\/v2\/media?parent=3"}],"curies":[{"name":"wp","href":"https:\/\/api.w.org\/{rel}","templated":true}]}}