{"id":4050,"date":"2025-10-17T15:17:57","date_gmt":"2025-10-17T15:17:57","guid":{"rendered":"https:\/\/freesexonvideo.com\/?page_id=4050"},"modified":"2026-04-03T21:18:45","modified_gmt":"2026-04-03T20:18:45","slug":"cams","status":"publish","type":"page","link":"https:\/\/freesexonvideo.com\/fr\/cams\/","title":{"rendered":"Cames"},"content":{"rendered":"<!--\n<p style=\"margin:15px 0 20px 0; \">\n<script fetchpriority=\"high\" src=\"https:\/\/crxcr2.com\/cams-widget-ext\/script?landing_id=%7Boffer_url_id%7D&genders=f%2Cf&providers=streamate%2Cstreamate%2Cbongacash%2Chuge%20traffic%2Cstripchat%2Cbongacash%2Cmfc%2Cawempire%2Cimlive%2Cchaturbate&skin=0&containerAlignment=center&cols=0&rows=0&number=50&background=transparent&useFeed=1&animateFeed=1&smoothAnimation=1&ratio=1&verticalSpace=10px&horizontalSpace=10px&colorFilter=%23ffffff&colorFilterStrength=0.1&cardsBorderTop=2px&cardsBorderRight=2px&cardsBorderBottom=2px&cardsBorderLeft=2px&cardsBorderColor=%23de3b18&cardsBorderRadius=10px&showOnline=1&fontFamily=Roboto&fontSize=14px&infoTopTextColor=%23ffffff&infoTopPos=outside&infoTopLeftContent=-&infoTopRightContent=-&infoBottomTextColor=%23ffffff&infoBottomPos=outside&infoBottomLeftContent=name&infoBottomRightContent=gender&infoBottomBackgroundColor=%23de3b18&AuxiliaryCSS=.cw-info-ctn%20%7Bmargin%3A10px%200%207px%200%3B%7D%20%0A&lang=en&token=86b85b80-b59c-11f0-a0be-599b2cd91549&api_key=cefed9b9ff21e25bc6c8f4d0d5fb6b6440a3a36b14633f87c8566bb6972f7004\"><\/script>\n<\/p>\n-->\n\n\n\n<div class=\"wp-block-buttons has-custom-font-size has-x-large-font-size is-horizontal is-content-justification-center is-layout-flex wp-container-core-buttons-is-layout-0bd2c8ef wp-block-buttons-is-layout-flex\">\n<div class=\"wp-block-button has-custom-width wp-block-button__width-50 is-style-fill\"><a class=\"wp-block-button__link has-white-color has-text-color has-background has-link-color has-text-align-center has-custom-font-size wp-element-button\" href=\"https:\/\/freesexonvideo.com\/adv\/lookup\/livejasmin-link-cams\/\" style=\"border-radius:5px;background-color:#de3b18;font-size:16px\" target=\"_blank\" rel=\"noreferrer noopener nofollow\">Jasmin en direct<\/a><\/div>\n<\/div>\n\n\n\n<div class=\"wp-block-buttons has-custom-font-size has-x-large-font-size is-horizontal is-content-justification-center is-layout-flex wp-container-core-buttons-is-layout-0bd2c8ef wp-block-buttons-is-layout-flex\">\n<div class=\"wp-block-button has-custom-width wp-block-button__width-50 is-style-fill\"><a class=\"wp-block-button__link has-white-color has-text-color has-background has-link-color has-text-align-center has-custom-font-size wp-element-button\" href=\"https:\/\/freesexonvideo.com\/adv\/lookup\/livejasmin-link-cams\/\" style=\"border-radius:5px;background-color:#de3b18;font-size:16px\" target=\"_blank\" rel=\"noreferrer noopener nofollow\">Jasmin en direct<\/a><\/div>\n<\/div>\n\n\n\n<div class=\"wp-block-buttons has-custom-font-size has-x-large-font-size is-horizontal is-content-justification-center is-layout-flex wp-container-core-buttons-is-layout-0bd2c8ef wp-block-buttons-is-layout-flex\">\n<div class=\"wp-block-button has-custom-width wp-block-button__width-50 is-style-fill\"><a class=\"wp-block-button__link has-white-color has-text-color has-background has-link-color has-text-align-center has-custom-font-size wp-element-button\" href=\"https:\/\/freesexonvideo.com\/adv\/lookup\/livejasmin-link-cams\/\" style=\"border-radius:5px;background-color:#de3b18;font-size:16px\" target=\"_blank\" rel=\"noreferrer noopener nofollow\">Jasmin en direct<\/a><\/div>\n<\/div>\n\n\n\n<div class=\"wp-block-buttons has-custom-font-size has-x-large-font-size is-horizontal is-content-justification-center is-layout-flex wp-container-core-buttons-is-layout-0bd2c8ef wp-block-buttons-is-layout-flex\">\n<div class=\"wp-block-button has-custom-width wp-block-button__width-50 is-style-fill\"><a class=\"wp-block-button__link has-white-color has-text-color has-background has-link-color has-text-align-center has-custom-font-size wp-element-button\" href=\"https:\/\/freesexonvideo.com\/adv\/lookup\/livejasmin-link-cams\/\" style=\"border-radius:5px;background-color:#de3b18;font-size:16px\" target=\"_blank\" rel=\"noreferrer noopener nofollow\">Jasmin en direct<\/a><\/div>\n<\/div>\n\n\n\n<div class=\"wp-block-buttons has-custom-font-size has-x-large-font-size is-horizontal is-content-justification-center is-layout-flex wp-container-core-buttons-is-layout-0bd2c8ef wp-block-buttons-is-layout-flex\">\n<div class=\"wp-block-button has-custom-width wp-block-button__width-50 is-style-fill\"><a class=\"wp-block-button__link has-white-color has-text-color has-background has-link-color has-text-align-center has-custom-font-size wp-element-button\" href=\"https:\/\/freesexonvideo.com\/adv\/lookup\/livejasmin-link-cams\/\" style=\"border-radius:5px;background-color:#de3b18;font-size:16px\" target=\"_blank\" rel=\"noreferrer noopener nofollow\">Jasmin en direct<\/a><\/div>\n<\/div>\n\n\n\n<h2 class=\"wp-block-heading\">Bienvenue sur Live Jasmin Girls&#039; Cam<\/h2>\n\n\n\n<p>Bienvenue sur Live Jasmin Girls&#039; Cam, votre destination incontournable pour le divertissement en direct par webcam pour adultes, avec les meilleurs mod\u00e8les du monde entier. Cette page vous offre un acc\u00e8s direct et instantan\u00e9 aux camgirls les mieux not\u00e9es de Live Jasmin gr\u00e2ce \u00e0 une iframe int\u00e9gr\u00e9e, vous permettant de profiter de performances en direct de haute qualit\u00e9 sans m\u00eame quitter le site. Que vous recherchiez des flirts coquins, des strip-teases s\u00e9duisants ou des shows priv\u00e9s intimes, Live Jasmin Girls&#039; Cam vous offre une vari\u00e9t\u00e9 in\u00e9gal\u00e9e de webcams pour adultes con\u00e7ues pour satisfaire vos d\u00e9sirs dans un environnement s\u00fbr, discret et agr\u00e9able.<\/p>\n\n\n\n<h2 class=\"wp-block-heading\">Pourquoi Live Jasmin est un leader du divertissement par webcam<\/h2>\n\n\n\n<p>Live Jasmin est l&#039;une des plateformes webcam les plus r\u00e9put\u00e9es du secteur, r\u00e9put\u00e9e pour sa qualit\u00e9 de streaming HD premium, ses mod\u00e8les professionnels et ses fonctionnalit\u00e9s interactives qui transcendent le divertissement pour adultes traditionnel. Vous pouvez y observer et interagir avec une large s\u00e9lection de magnifiques femmes de tous styles et de tous horizons, des blondes sensuelles aux rousses flamboyantes, en passant par des beaut\u00e9s exotiques et de charmantes nouvelles venues. La plateforme propose plus de 2\u00a0000 mod\u00e8les en direct 24h\/24 et 7j\/7, vous assurant ainsi de trouver toujours quelqu&#039;un en ligne pr\u00eat \u00e0 vous captiver par ses talents uniques et son charme unique.<\/p>\n\n\n\n<h2 class=\"wp-block-heading\">Des mod\u00e8les et des cat\u00e9gories vari\u00e9s pour r\u00e9pondre \u00e0 tous les d\u00e9sirs<\/h2>\n\n\n\n<p>Gr\u00e2ce \u00e0 l&#039;interface Live Jasmin Girls&#039; Cam int\u00e9gr\u00e9e, vous acc\u00e9dez instantan\u00e9ment \u00e0 un riche catalogue de mod\u00e8les styl\u00e9s et v\u00e9rifi\u00e9s, qui performent en temps r\u00e9el dans diff\u00e9rentes cat\u00e9gories et f\u00e9tiches. Que vous soyez amateur de taquineries sensuelles, d&#039;action hardcore, de jeux f\u00e9tichistes ou m\u00eame de jeux de r\u00f4le, vous trouverez ici la cam girl id\u00e9ale. Les puissantes options de recherche et de filtrage du site vous permettent de trier les mod\u00e8les par couleur de cheveux, morphologie, langue, popularit\u00e9, etc., pour trouver facilement la camgirl qui correspond \u00e0 vos envies et \u00e0 vos pr\u00e9f\u00e9rences.<\/p>\n\n\n\n<h2 class=\"wp-block-heading\">Fonctionnalit\u00e9s interactives pour une exp\u00e9rience personnalis\u00e9e<\/h2>\n\n\n\n<p>L&#039;un des aspects les plus excitants de Live Jasmin est la possibilit\u00e9 d&#039;interagir pleinement avec les mod\u00e8les. Gr\u00e2ce au chat en direct, vous pouvez envoyer des SMS, donner des pourboires aux artistes pour obtenir du contenu exclusif et demander des shows personnalis\u00e9s, adapt\u00e9s \u00e0 vos envies. Certaines filles proposent des sessions webcam priv\u00e9es en t\u00eate-\u00e0-t\u00eate, o\u00f9 vous contr\u00f4lez le rythme et le style du show, pour un spectacle aussi intime et excitant que vous le souhaitez. Gr\u00e2ce \u00e0 des fonctionnalit\u00e9s comme l&#039;audio bidirectionnel et l&#039;interaction cam\u00e9ra \u00e0 cam\u00e9ra, la connexion que vous \u00e9tablissez est authentique et captivante, offrant un niveau de divertissement pour adultes vraiment exceptionnel.<\/p>\n\n\n\n<h2 class=\"wp-block-heading\">Votre confidentialit\u00e9 et votre s\u00e9curit\u00e9 sont des priorit\u00e9s absolues<\/h2>\n\n\n\n<p>La s\u00e9curit\u00e9 et la confidentialit\u00e9 sont primordiales sur Live Jasmin Girls&#039; Cam. La plateforme utilise un cryptage avanc\u00e9 et des m\u00e9thodes de paiement s\u00e9curis\u00e9es pour prot\u00e9ger vos informations, garantissant ainsi la confidentialit\u00e9 de votre navigation et de vos interactions. Que vous choisissiez une navigation d\u00e9contract\u00e9e ou des sessions priv\u00e9es, vous pouvez le faire en toute confiance, sachant que Live Jasmin respecte scrupuleusement les politiques de v\u00e9rification de l&#039;\u00e2ge l\u00e9gal et les meilleures pratiques du secteur en mati\u00e8re de s\u00e9curit\u00e9 des artistes.<\/p>\n\n\n\n<h2 class=\"wp-block-heading\">Qualit\u00e9 de streaming de classe mondiale sur tous les appareils<\/h2>\n\n\n\n<p>La qualit\u00e9 de streaming sur Live Jasmin est exceptionnelle, avec des vid\u00e9os HD d&#039;une clart\u00e9 exceptionnelle qui vous permettent de visionner chaque d\u00e9tail des performances de vos camgirls pr\u00e9f\u00e9r\u00e9es directement sur votre \u00e9cran. Que vous utilisiez un ordinateur de bureau, un ordinateur portable ou un appareil mobile, la plateforme s&#039;adapte parfaitement et offre une lecture fluide, m\u00eame aux heures de pointe. Vous pouvez visionner les flux en plein \u00e9cran, utiliser l&#039;\u00e9cran partag\u00e9 pour regarder plusieurs mod\u00e8les simultan\u00e9ment, ou ouvrir les fen\u00eatres pour effectuer plusieurs t\u00e2ches \u00e0 la fois tout en profitant de vos webcams pour adultes pr\u00e9f\u00e9r\u00e9es.<\/p>\n\n\n\n<h2 class=\"wp-block-heading\">Profils de mod\u00e8les d\u00e9taill\u00e9s pour am\u00e9liorer votre exp\u00e9rience<\/h2>\n\n\n\n<p>Les profils des mod\u00e8les sur Live Jasmin sont riches et interactifs, avec des photos d&#039;arri\u00e8re-plan, des clips vid\u00e9o et des mises \u00e0 jour de statut en temps r\u00e9el pour vous permettre d&#039;en savoir plus sur les artistes avant de rejoindre leur spectacle. De nombreux mod\u00e8les poss\u00e8dent des fan clubs ou des cha\u00eenes exclusives o\u00f9 vous pouvez acc\u00e9der \u00e0 des photos suppl\u00e9mentaires, \u00e0 des vid\u00e9os des coulisses et \u00e0 des diffusions d&#039;\u00e9v\u00e9nements sp\u00e9ciaux. Cela rend l&#039;exp\u00e9rience unique et stimulante, renfor\u00e7ant ainsi le lien entre le spectateur et l&#039;artiste.<\/p>\n\n\n\n<h2 class=\"wp-block-heading\">Options de visualisation flexibles adapt\u00e9es \u00e0 votre style<\/h2>\n\n\n\n<p>En tant qu&#039;utilisateur, vous disposez d&#039;options flexibles pour explorer le site selon vos go\u00fbts et vos envies. Que vous pr\u00e9f\u00e9riez les shows publics gratuits ou investir des cr\u00e9dits pour un acc\u00e8s priv\u00e9, Live Jasmin Girls&#039; Cam offre une vari\u00e9t\u00e9 remarquable d&#039;exp\u00e9riences de webcam. Le syst\u00e8me de cr\u00e9dits vous permet de donner des pourboires aux mod\u00e8les, de d\u00e9bloquer des fonctionnalit\u00e9s sp\u00e9ciales et de r\u00e9server des sessions priv\u00e9es, le tout \u00e0 votre guise. Live Jasmin prend en charge plusieurs modes de paiement dans le monde entier pour des transactions simples et s\u00e9curis\u00e9es.<\/p>\n\n\n\n<h2 class=\"wp-block-heading\">Le portail ultime du divertissement par webcam en direct<\/h2>\n\n\n\n<p>En r\u00e9sum\u00e9, cette page Live Jasmin Girls&#039; Cam est votre porte d&#039;entr\u00e9e vers les meilleures webcameuses en direct, disponibles sur l&#039;une des plateformes pour adultes les plus fiables et innovantes du web. Que vous recherchiez une exp\u00e9rience d\u00e9contract\u00e9e ou des interactions personnalis\u00e9es et approfondies, l&#039;iframe int\u00e9gr\u00e9e vous connecte instantan\u00e9ment \u00e0 des milliers de mod\u00e8les magnifiques et talentueux, pr\u00eats \u00e0 vous divertir d\u00e8s que vous le souhaitez. Profitez de flux HD de haute qualit\u00e9, de sessions s\u00e9curis\u00e9es et priv\u00e9es, et des fonctionnalit\u00e9s interactives qui font de Live Jasmin un choix incontournable pour les amateurs de webcam du monde entier.<\/p>\n\n\n\n<h2 class=\"wp-block-heading\">Commencez votre exp\u00e9rience Live Jasmin aujourd&#039;hui<\/h2>\n\n\n\n<p>Plongez maintenant dans le monde de Live Jasmin Girls&#039; Cam \u2013 explorez, connectez-vous et offrez-vous le meilleur divertissement pour adultes en direct que cette plate-forme a \u00e0 offrir, le tout dans le confort et l&#039;intimit\u00e9 de votre propre espace.<\/p>\n\n\n\n<div class=\"wp-block-buttons has-custom-font-size has-x-large-font-size is-horizontal is-content-justification-center is-layout-flex wp-container-core-buttons-is-layout-0bd2c8ef wp-block-buttons-is-layout-flex\">\n<div class=\"wp-block-button has-custom-width wp-block-button__width-50 is-style-fill\"><a class=\"wp-block-button__link has-white-color has-text-color has-background has-link-color has-text-align-center has-custom-font-size wp-element-button\" href=\"https:\/\/freesexonvideo.com\/adv\/lookup\/livejasmin-link-cams\/\" style=\"border-radius:5px;background-color:#de3b18;font-size:16px\" target=\"_blank\" rel=\"noreferrer noopener nofollow\">Jasmin en direct<\/a><\/div>\n<\/div>","protected":false},"excerpt":{"rendered":"<p>Welcome to Live Jasmin Girls&#8217; Cam Welcome to Live Jasmin Girls&#8217; Cam, your premier online destination for live adult webcam entertainment featuring the best models from around the world. This page provides you with direct, instant access to the top-rated Live Jasmin cam girls through an integrated iframe, allowing you to enjoy high-quality live performances [&hellip;]<\/p>\n","protected":false},"author":1,"featured_media":0,"parent":0,"menu_order":0,"comment_status":"closed","ping_status":"closed","template":"","meta":{"footnotes":""},"class_list":["post-4050","page","type-page","status-publish","hentry"],"_links":{"self":[{"href":"https:\/\/freesexonvideo.com\/fr\/wp-json\/wp\/v2\/pages\/4050","targetHints":{"allow":["GET"]}}],"collection":[{"href":"https:\/\/freesexonvideo.com\/fr\/wp-json\/wp\/v2\/pages"}],"about":[{"href":"https:\/\/freesexonvideo.com\/fr\/wp-json\/wp\/v2\/types\/page"}],"author":[{"embeddable":true,"href":"https:\/\/freesexonvideo.com\/fr\/wp-json\/wp\/v2\/users\/1"}],"replies":[{"embeddable":true,"href":"https:\/\/freesexonvideo.com\/fr\/wp-json\/wp\/v2\/comments?post=4050"}],"version-history":[{"count":1,"href":"https:\/\/freesexonvideo.com\/fr\/wp-json\/wp\/v2\/pages\/4050\/revisions"}],"predecessor-version":[{"id":11883,"href":"https:\/\/freesexonvideo.com\/fr\/wp-json\/wp\/v2\/pages\/4050\/revisions\/11883"}],"wp:attachment":[{"href":"https:\/\/freesexonvideo.com\/fr\/wp-json\/wp\/v2\/media?parent=4050"}],"curies":[{"name":"wp","href":"https:\/\/api.w.org\/{rel}","templated":true}]}}