{"id":861,"date":"2025-10-02T18:00:35","date_gmt":"2025-10-02T18:00:35","guid":{"rendered":"https:\/\/freesexonvideo.com\/?page_id=861"},"modified":"2025-10-17T11:02:34","modified_gmt":"2025-10-17T11:02:34","slug":"18-usc-2257","status":"publish","type":"page","link":"https:\/\/freesexonvideo.com\/fr\/18-usc-2257\/","title":{"rendered":"2257"},"content":{"rendered":"<p>Freesexonvideo.com n&#039;est pas le producteur (principal ou secondaire) de tout contenu pr\u00e9sent sur le site web (Freesexonvideo.com). Concernant les enregistrements, conform\u00e9ment \u00e0 l&#039;article 18 USC 2257, de tout contenu pr\u00e9sent sur ce site, veuillez adresser votre demande au site pour lequel le contenu a \u00e9t\u00e9 produit.<\/p>\n\n\n\n<p>Freesexonvideo.com est un site de partage de vid\u00e9os qui permet le t\u00e9l\u00e9chargement, le partage et la visualisation g\u00e9n\u00e9rale de divers types de contenu pour adultes et bien que Freesexonvideo.com fasse de son mieux pour v\u00e9rifier la conformit\u00e9, il peut ne pas \u00eatre pr\u00e9cis \u00e0 100%.<\/p>\n\n\n\n<p>Freesexonvideo.com respecte les proc\u00e9dures suivantes pour garantir la conformit\u00e9 :<br>Exiger que tous les utilisateurs aient 18 ans pour t\u00e9l\u00e9charger des vid\u00e9os.<br>Lors du t\u00e9l\u00e9chargement, l&#039;utilisateur doit v\u00e9rifier le contenu ; s&#039;assurer qu&#039;il a 18 ans ; certifier qu&#039;il conserve des enregistrements des mod\u00e8les dans le contenu et qu&#039;ils ont plus de 18 ans.<\/p>\n\n\n\n<p>Pour obtenir de l&#039;aide et\/ou des informations suppl\u00e9mentaires pour trouver le site d&#039;origine du contenu, veuillez contacter le service de conformit\u00e9 de Freesexonvideo.com \u00e0 l&#039;adresse <span style=\"display:inline;unicode-bidi:bidi-override;direction:rtl;\" class=\"\">moc.oedivnoxeseerf<span style=\"display:none;\">obfsctd-4c34a6<\/span>@ofni<\/span>.<\/p>\n\n\n\n<p>Freesexonvideo.com autorise le signalement de contenu inappropri\u00e9. Tout contenu signal\u00e9 comme ill\u00e9gal, illicite, harcelant, nuisible, offensant ou pour toute autre raison sera imm\u00e9diatement supprim\u00e9 du site.<\/p>\n\n\n\n<p>Les utilisateurs de Freesexonvideo.com qui rencontrent un tel contenu sont invit\u00e9s \u00e0 signaler l&#039;URL\/les URL sp\u00e9cifiques comme inappropri\u00e9es en envoyant un e-mail \u00e0 : <span style=\"display:inline;unicode-bidi:bidi-override;direction:rtl;\" class=\"\">moc.oedivnoxeseerf<span style=\"display:none;\">obfsctd-6f13a3<\/span>@ofni<\/span> en sp\u00e9cifiant l&#039;URL\/les URL pr\u00e9sum\u00e9es.<\/p>","protected":false},"excerpt":{"rendered":"<p>Freesexonvideo.com is not a producer (primary or secondary) of any and all of the content found on the website (Freesexonvideo.com). With respect to the records as per 18 USC 2257 for any and all content found on this site, please kindly direct your request to the site for which the content was produced. Freesexonvideo.com is [&hellip;]<\/p>\n","protected":false},"author":1,"featured_media":0,"parent":0,"menu_order":0,"comment_status":"closed","ping_status":"closed","template":"","meta":{"footnotes":""},"class_list":["post-861","page","type-page","status-publish","hentry"],"_links":{"self":[{"href":"https:\/\/freesexonvideo.com\/fr\/wp-json\/wp\/v2\/pages\/861","targetHints":{"allow":["GET"]}}],"collection":[{"href":"https:\/\/freesexonvideo.com\/fr\/wp-json\/wp\/v2\/pages"}],"about":[{"href":"https:\/\/freesexonvideo.com\/fr\/wp-json\/wp\/v2\/types\/page"}],"author":[{"embeddable":true,"href":"https:\/\/freesexonvideo.com\/fr\/wp-json\/wp\/v2\/users\/1"}],"replies":[{"embeddable":true,"href":"https:\/\/freesexonvideo.com\/fr\/wp-json\/wp\/v2\/comments?post=861"}],"version-history":[{"count":0,"href":"https:\/\/freesexonvideo.com\/fr\/wp-json\/wp\/v2\/pages\/861\/revisions"}],"wp:attachment":[{"href":"https:\/\/freesexonvideo.com\/fr\/wp-json\/wp\/v2\/media?parent=861"}],"curies":[{"name":"wp","href":"https:\/\/api.w.org\/{rel}","templated":true}]}}