{"id":3,"date":"2025-09-28T17:43:37","date_gmt":"2025-09-28T17:43:37","guid":{"rendered":"https:\/\/www.freesexonvideo.com\/?page_id=3"},"modified":"2025-10-10T13:51:53","modified_gmt":"2025-10-10T13:51:53","slug":"privacy-policy","status":"publish","type":"page","link":"https:\/\/freesexonvideo.com\/it\/privacy-policy\/","title":{"rendered":"Privacy"},"content":{"rendered":"<p>Questo documento fornisce informazioni importanti in merito all&#039;uso e alla divulgazione dei dati utente raccolti su freesexonvideo.com<\/p>\n\n\n\n<p>La sicurezza dei tuoi dati \u00e8 molto importante per freesexonvideo.com e pertanto adottiamo tutte le misure appropriate per limitare il rischio che possano essere persi, danneggiati o utilizzati in modo improprio.<\/p>\n\n\n\n<p>Questo sito limita espressamente e rigorosamente l&#039;iscrizione e\/o i privilegi di visualizzazione agli adulti di et\u00e0 pari o superiore a 18 anni o che abbiano raggiunto la maggiore et\u00e0 nella propria comunit\u00e0. A tutte le persone che non soddisfano i criteri previsti \u00e8 severamente vietato accedere o visualizzare i contenuti di questo sito. Non cerchiamo n\u00e9 raccogliamo consapevolmente informazioni o dati personali da persone che non hanno raggiunto la maggiore et\u00e0.<\/p>\n\n\n\n<h2 class=\"wp-block-heading\">1. <strong>DATI RACCOLTI<\/strong><\/h2>\n\n\n\n<p>Informazioni personali:<\/p>\n\n\n\n<p>Gli utenti non registrati possono guardare i video senza registrarsi e senza che alcuna informazione venga raccolta ed elaborata. Tuttavia, l&#039;indirizzo IP del visitatore verr\u00e0 registrato in caso di appropriazione indebita di informazioni e\/o contenuti.<\/p>\n\n\n\n<p>Membri registrati: la registrazione \u00e8 necessaria per caricare video e accedere a numerose altre funzionalit\u00e0. Al momento della registrazione vengono richiesti i seguenti dati personali: nome utente (obbligatorio) e indirizzo email (obbligatorio). Ulteriori informazioni personali, come anno di nascita, stato civile e orientamento sessuale, possono essere aggiunte volontariamente dopo la registrazione, per i membri interessati a identificare e potenzialmente contattare altri membri che soddisfano criteri specifici. Tutti questi dati, ad eccezione dell&#039;indirizzo email e dell&#039;indirizzo IP, diventano informazioni accessibili al pubblico.<\/p>\n\n\n\n<p>Contenuto caricato sul sito: tutte le informazioni personali o i contenuti video che divulghi volontariamente online diventano di dominio pubblico e possono essere raccolti e utilizzati da altri.<\/p>\n\n\n\n<p>Cookie: quando visiti freesexonvideo.com, potremmo inviare al tuo computer uno o pi\u00f9 cookie che identificano in modo univoco la tua sessione di navigazione. freesexonvideo.com utilizza sia cookie di sessione che cookie persistenti. Se rimuovi il cookie persistente, alcune funzionalit\u00e0 del sito potrebbero non funzionare correttamente.<\/p>\n\n\n\n<p>Informazioni sul file di registro: quando visiti freesexonvideo.com, i nostri server potrebbero registrare automaticamente determinate informazioni inviate dal tuo browser web, come la tua richiesta web, l&#039;indirizzo IP, il tipo di browser, la lingua del browser, l&#039;URL di riferimento, il tipo di piattaforma, i nomi di dominio e la data e l&#039;ora della tua richiesta.<\/p>\n\n\n\n<p>E-mail: se ci contatti, potremmo conservare un registro di tale corrispondenza.<\/p>\n\n\n\n<h2 class=\"wp-block-heading\">2. <strong>USI<\/strong><\/h2>\n\n\n\n<p>Le informazioni personali identificabili inviate a freesexonvideo.com vengono utilizzate per fornire all&#039;utente le funzionalit\u00e0 del sito web e funzionalit\u00e0 personalizzate speciali.<\/p>\n\n\n\n<p>Il nome utente scelto (non il tuo indirizzo email) viene visualizzato dagli altri utenti insieme ai contenuti che carichi, inclusi video, commenti, messaggi che invii tramite la posta privata di freesexonvideo.com, ecc. Altri utenti possono contattarti tramite messaggi privati.<\/p>\n\n\n\n<p>Tutti i video inviati a freesexonvideo.com potranno essere ridistribuiti tramite Internet e altri canali multimediali e potranno essere visualizzati dal grande pubblico.<\/p>\n\n\n\n<p>Non utilizziamo il tuo indirizzo email o altre informazioni personali identificabili per inviare messaggi commerciali o di marketing senza il tuo consenso.<\/p>\n\n\n\n<p>Potremmo utilizzare il tuo indirizzo email senza ulteriore consenso per scopi non di marketing o amministrativi (ad esempio per informarti di importanti modifiche al sito web o per scopi di assistenza clienti).<\/p>\n\n\n\n<ul class=\"wp-block-list\">\n<li><strong>OPT-IN E COMUNICAZIONE UTENTE<\/strong> \u2013 L&#039;abbonato riconosce e accetta espressamente e specificamente che il suo indirizzo e-mail o altri mezzi di comunicazione con l&#039;abbonato possano essere utilizzati per inviargli offerte, informazioni o qualsiasi altra e-mail o altro mezzo di comunicazione a scopo commerciale. Pi\u00f9 specificamente, alcune offerte possono essere presentate all&#039;abbonato tramite campagne e-mail o altri mezzi di comunicazione con la possibilit\u00e0 di esprimere la propria preferenza cliccando o digitando &quot;accetta&quot; (in alternativa &quot;s\u00ec&quot;) o &quot;rifiuta&quot; (in alternativa &quot;no&quot;). Selezionando o cliccando su &quot;accetta&quot; o &quot;s\u00ec&quot;, l&#039;abbonato indica di &quot;ADESIONE&quot; a tale offerta e pertanto accetta e acconsente che le proprie informazioni personali, incluso il suo indirizzo e-mail e i dati personali, possano essere utilizzate a tale scopo o divulgate a terzi.<\/li>\n\n\n\n<li><strong>OPT-OUT E COMUNICAZIONE UTENTE<\/strong> \u2013 L&#039;abbonato riconosce e accetta espressamente e specificamente che il suo indirizzo e-mail o altri mezzi di comunicazione con l&#039;abbonato possano essere utilizzati per inviargli offerte, informazioni o altre e-mail o altri mezzi di comunicazione a scopo commerciale. Pi\u00f9 specificamente, altre offerte possono essere presentate all&#039;abbonato tramite campagne e-mail o altri mezzi di comunicazione con una preferenza o scelta preselezionata. Se l&#039;abbonato non deseleziona la preferenza preselezionata (ovvero &quot;OPT-OUT&quot; dall&#039;offerta), il sito pu\u00f2 trasferire le informazioni del profilo personale dell&#039;abbonato al fornitore di servizi o contenuti di terze parti che propone l&#039;offerta. Se l&#039;abbonato deseleziona la preferenza preselezionata, nessuna informazione personale sull&#039;abbonato pu\u00f2 essere divulgata a nessun fornitore di servizi o contenuti di terze parti.<\/li>\n\n\n\n<li>Analizziamo le informazioni aggregate sul traffico degli utenti per semplificare le nostre operazioni di marketing e hosting e per migliorare la qualit\u00e0 dell&#039;esperienza utente su freesexonvideo.com.<\/li>\n<\/ul>\n\n\n\n<h2 class=\"wp-block-heading\">3. DIVULGAZIONE DELLE INFORMAZIONI<\/h2>\n\n\n\n<p>Se obbligata a farlo, freesexonvideo.com pu\u00f2 divulgare dati per ottemperare a qualsiasi obbligo legale, o per far rispettare i nostri Termini e Condizioni e altri accordi; o per proteggere i diritti, la propriet\u00e0 o la sicurezza di freesexonvideo.com, dei nostri abbonati o di altri. Ci\u00f2 include lo scambio di informazioni con altre aziende e organizzazioni, tra cui la polizia e le autorit\u00e0 governative, ai fini della protezione da frodi o qualsiasi altro tipo di attivit\u00e0 illegale, identificata o meno nei Termini e Condizioni. \u00c8 politica di freesexonvideo.com, ove possibile e legalmente consentito, informare tempestivamente l&#039;utente dell&#039;obbligo di fornire dati a terzi.<\/p>\n\n\n\n<p>Se carichi deliberatamente materiale illegale, freesexonvideo.com inoltrer\u00e0 tutte le informazioni disponibili a tutte le autorit\u00e0 competenti, senza preavviso.<\/p>\n\n\n\n<ul class=\"wp-block-list\">\n<li>Non condividiamo le tue informazioni personali identificabili (come nome o indirizzo e-mail) con altre societ\u00e0 terze per il loro uso commerciale o di marketing senza il tuo consenso o tranne che come parte di un programma o di una funzionalit\u00e0 specifica per la quale avrai la possibilit\u00e0 di scegliere se partecipare o meno.<\/li>\n<\/ul>\n\n\n\n<h2 class=\"wp-block-heading\">4. SICUREZZA<\/h2>\n\n\n\n<p>Laddove ti abbiamo fornito (o hai scelto una password) che ti consente di accedere a determinate sezioni del nostro Sito, sei responsabile della riservatezza di tale password. Ti chiediamo di non condividere la tua password con nessuno.<\/p>\n\n\n\n<p>Purtroppo, la trasmissione di informazioni via Internet non \u00e8 completamente sicura. freesexonvideo.com adotta misure di sicurezza fisiche, gestionali e tecniche commercialmente ragionevoli per preservare l&#039;integrit\u00e0 e la sicurezza dei tuoi dati personali. Tuttavia, non possiamo garantire la sicurezza di alcuna informazione che trasmetti a freesexonvideo.com e lo fai a tuo rischio e pericolo.<\/p>\n\n\n\n<h2 class=\"wp-block-heading\">5. I TUOI DIRITTI<\/h2>\n\n\n\n<p>Hai il diritto di accedere e correggere i tuoi dati direttamente sul sito web o richiedendoci di farlo via e-mail all&#039;indirizzo <span style=\"display:inline;unicode-bidi:bidi-override;direction:rtl;\" class=\"\">moc.oedivnoxeseerf<span style=\"display:none;\">obfsctd-122f32<\/span>@ofni<\/span>.<\/p>","protected":false},"excerpt":{"rendered":"<p>This document details important information regarding the use and disclosure of User Data collected on freesexonvideo.com The security of your Data is very important to freesexonvideo.com and as such we take all appropriate steps to limit the risk that it may be lost, damaged or misused. This site expressly and strictly limits its membership and\/or [&hellip;]<\/p>\n","protected":false},"author":1,"featured_media":0,"parent":0,"menu_order":0,"comment_status":"closed","ping_status":"closed","template":"","meta":{"footnotes":""},"class_list":["post-3","page","type-page","status-publish","hentry"],"_links":{"self":[{"href":"https:\/\/freesexonvideo.com\/it\/wp-json\/wp\/v2\/pages\/3","targetHints":{"allow":["GET"]}}],"collection":[{"href":"https:\/\/freesexonvideo.com\/it\/wp-json\/wp\/v2\/pages"}],"about":[{"href":"https:\/\/freesexonvideo.com\/it\/wp-json\/wp\/v2\/types\/page"}],"author":[{"embeddable":true,"href":"https:\/\/freesexonvideo.com\/it\/wp-json\/wp\/v2\/users\/1"}],"replies":[{"embeddable":true,"href":"https:\/\/freesexonvideo.com\/it\/wp-json\/wp\/v2\/comments?post=3"}],"version-history":[{"count":0,"href":"https:\/\/freesexonvideo.com\/it\/wp-json\/wp\/v2\/pages\/3\/revisions"}],"wp:attachment":[{"href":"https:\/\/freesexonvideo.com\/it\/wp-json\/wp\/v2\/media?parent=3"}],"curies":[{"name":"parola chiave","href":"https:\/\/api.w.org\/{rel}","templated":true}]}}