{"id":3,"date":"2025-09-28T17:43:37","date_gmt":"2025-09-28T17:43:37","guid":{"rendered":"https:\/\/www.freesexonvideo.com\/?page_id=3"},"modified":"2025-10-10T13:51:53","modified_gmt":"2025-10-10T13:51:53","slug":"privacy-policy","status":"publish","type":"page","link":"https:\/\/freesexonvideo.com\/pt\/privacy-policy\/","title":{"rendered":"Privacidade"},"content":{"rendered":"<p>Este documento detalha informa\u00e7\u00f5es importantes sobre o uso e a divulga\u00e7\u00e3o de Dados do Usu\u00e1rio coletados no freesexonvideo.com<\/p>\n\n\n\n<p>A seguran\u00e7a dos seus dados \u00e9 muito importante para o freesexonvideo.com e, por isso, tomamos todas as medidas apropriadas para limitar o risco de que eles possam ser perdidos, danificados ou mal utilizados.<\/p>\n\n\n\n<p>Este site limita expressa e estritamente seus privil\u00e9gios de associa\u00e7\u00e3o e\/ou visualiza\u00e7\u00e3o a adultos com 18 anos ou mais ou que tenham atingido a maioridade em sua comunidade. Todas as pessoas que n\u00e3o atendam aos crit\u00e9rios est\u00e3o estritamente proibidas de acessar ou visualizar o conte\u00fado deste Site. N\u00e3o buscamos ou coletamos intencionalmente quaisquer informa\u00e7\u00f5es ou dados pessoais de pessoas que n\u00e3o tenham atingido a maioridade.<\/p>\n\n\n\n<h2 class=\"wp-block-heading\">1. <strong>DADOS COLETADOS<\/strong><\/h2>\n\n\n\n<p>Informa\u00e7\u00f5es pessoais:<\/p>\n\n\n\n<p>Usu\u00e1rios n\u00e3o registrados podem assistir a v\u00eddeos sem se registrar e sem que nenhuma informa\u00e7\u00e3o seja coletada ou processada. No entanto, o endere\u00e7o IP do visitante ser\u00e1 registrado em caso de apropria\u00e7\u00e3o indevida de informa\u00e7\u00f5es e\/ou conte\u00fado.<\/p>\n\n\n\n<p>Membros Registrados: O cadastro \u00e9 necess\u00e1rio para enviar v\u00eddeos e acessar diversos outros recursos. As seguintes informa\u00e7\u00f5es pessoais s\u00e3o solicitadas no momento do cadastro: nome de usu\u00e1rio (obrigat\u00f3rio) e endere\u00e7o de e-mail (obrigat\u00f3rio). Informa\u00e7\u00f5es pessoais adicionais, como ano de nascimento, estado civil e orienta\u00e7\u00e3o sexual, podem ser adicionadas voluntariamente ap\u00f3s o cadastro, para membros interessados em identificar e potencialmente contatar outros membros que atendam a crit\u00e9rios espec\u00edficos. Todos esses dados, com exce\u00e7\u00e3o do endere\u00e7o de e-mail e do endere\u00e7o IP, tornam-se informa\u00e7\u00f5es publicamente acess\u00edveis.<\/p>\n\n\n\n<p>Conte\u00fado enviado ao site: qualquer informa\u00e7\u00e3o pessoal ou conte\u00fado de v\u00eddeo que voc\u00ea divulgar voluntariamente on-line se torna publicamente dispon\u00edvel e pode ser coletado e usado por terceiros.<\/p>\n\n\n\n<p>Cookies: Quando voc\u00ea visita o freesexonvideo.com, podemos enviar um ou mais cookies para o seu computador que identificam exclusivamente a sua sess\u00e3o no navegador. O freesexonvideo.com utiliza cookies de sess\u00e3o e cookies persistentes. Se voc\u00ea remover o seu cookie persistente, alguns recursos do site podem n\u00e3o funcionar corretamente.<\/p>\n\n\n\n<p>Informa\u00e7\u00f5es do arquivo de log: quando voc\u00ea visita freesexonvideo.com, nossos servidores podem registrar automaticamente certas informa\u00e7\u00f5es que seu navegador envia, como sua solicita\u00e7\u00e3o da web, endere\u00e7o IP, tipo de navegador, idioma do navegador, URL de refer\u00eancia, tipo de plataforma, nomes de dom\u00ednio e a data e hora da sua solicita\u00e7\u00e3o.<\/p>\n\n\n\n<p>E-mails: Se voc\u00ea entrar em contato conosco, poderemos manter um registro dessa correspond\u00eancia.<\/p>\n\n\n\n<h2 class=\"wp-block-heading\">2. <strong>USOS<\/strong><\/h2>\n\n\n\n<p>Suas informa\u00e7\u00f5es de identifica\u00e7\u00e3o pessoal enviadas ao freesexonvideo.com s\u00e3o usadas para fornecer ao usu\u00e1rio os recursos do site e recursos personalizados especiais.<\/p>\n\n\n\n<p>O nome de usu\u00e1rio escolhido (n\u00e3o seu endere\u00e7o de e-mail) \u00e9 exibido para outros usu\u00e1rios junto com o conte\u00fado que voc\u00ea carrega, incluindo v\u00eddeos, coment\u00e1rios, mensagens enviadas pelo e-mail privado do freesexonvideo.com, etc. Outros usu\u00e1rios podem entrar em contato com voc\u00ea por meio de mensagens privadas.<\/p>\n\n\n\n<p>Todos os v\u00eddeos que voc\u00ea enviar para freesexonvideo.com podem ser redistribu\u00eddos pela internet e outros canais de m\u00eddia, e podem ser visualizados pelo p\u00fablico em geral.<\/p>\n\n\n\n<p>N\u00e3o usamos seu endere\u00e7o de e-mail ou outras informa\u00e7\u00f5es de identifica\u00e7\u00e3o pessoal para enviar mensagens comerciais ou de marketing sem o seu consentimento.<\/p>\n\n\n\n<p>Podemos usar seu endere\u00e7o de e-mail sem consentimento adicional para fins n\u00e3o comerciais ou administrativos (como notific\u00e1-lo sobre altera\u00e7\u00f5es importantes no site ou para fins de atendimento ao cliente).<\/p>\n\n\n\n<ul class=\"wp-block-list\">\n<li><strong>OPT-IN E COMUNICA\u00c7\u00c3O COM O USU\u00c1RIO<\/strong> \u2013 O Assinante expressa e especificamente reconhece e concorda que seu endere\u00e7o de e-mail ou outros meios de comunica\u00e7\u00e3o com o Assinante podem ser usados para enviar-lhe ofertas, informa\u00e7\u00f5es ou quaisquer outros e-mails ou outros meios de comunica\u00e7\u00e3o com fins comerciais. Mais especificamente, algumas ofertas podem ser apresentadas ao Assinante por meio de campanhas de e-mail ou outros meios de comunica\u00e7\u00e3o, com a op\u00e7\u00e3o de expressar sua prefer\u00eancia clicando ou digitando &quot;aceitar&quot; (alternativamente &quot;sim&quot;) ou &quot;recusar&quot; (alternativamente &quot;n\u00e3o&quot;). Ao selecionar ou clicar em &quot;aceitar&quot; ou &quot;sim&quot;, o Assinante indica que &quot;OPTA&quot; a essa oferta e, portanto, concorda e consente que suas informa\u00e7\u00f5es pessoais, incluindo seu endere\u00e7o de e-mail e dados, possam ser usadas para esse fim ou divulgadas a terceiros.<\/li>\n\n\n\n<li><strong>OPT-OUT E COMUNICA\u00c7\u00c3O COM O USU\u00c1RIO<\/strong> \u2013 O Assinante expressa e especificamente reconhece e concorda que seu endere\u00e7o de e-mail ou outros meios de comunica\u00e7\u00e3o com o assinante podem ser usados para enviar-lhe ofertas, informa\u00e7\u00f5es ou quaisquer outros e-mails ou outros meios de comunica\u00e7\u00e3o com fins comerciais. Mais especificamente, outras ofertas podem ser apresentadas ao assinante por meio de campanhas de e-mail ou outros meios de comunica\u00e7\u00e3o com uma prefer\u00eancia ou escolha pr\u00e9-selecionada. Se o assinante n\u00e3o desmarcar a prefer\u00eancia de escolha pr\u00e9-selecionada (ou seja, &quot;CANCELAR&quot; a oferta), o site poder\u00e1 transferir as informa\u00e7\u00f5es do perfil pessoal do assinante para o servi\u00e7o de terceiros ou provedor de conte\u00fado que faz a oferta. Se o assinante desmarcar a prefer\u00eancia pr\u00e9-selecionada, nenhuma informa\u00e7\u00e3o pessoal sobre o assinante poder\u00e1 ser divulgada a nenhum servi\u00e7o de terceiros ou provedor de conte\u00fado.<\/li>\n\n\n\n<li>Analisamos informa\u00e7\u00f5es agregadas de tr\u00e1fego de usu\u00e1rios para ajudar a otimizar nossas opera\u00e7\u00f5es de marketing e hospedagem e para melhorar a qualidade da experi\u00eancia do usu\u00e1rio do freesexonvideo.com.<\/li>\n<\/ul>\n\n\n\n<h2 class=\"wp-block-heading\">3. DIVULGA\u00c7\u00c3O DE INFORMA\u00c7\u00d5ES<\/h2>\n\n\n\n<p>Se for obrigado a faz\u00ea-lo, o freesexonvideo.com poder\u00e1 divulgar dados para cumprir qualquer obriga\u00e7\u00e3o legal, ou para fazer cumprir nossos Termos e Condi\u00e7\u00f5es e outros acordos; ou para proteger os direitos, a propriedade ou a seguran\u00e7a do freesexonvideo.com, de nossos assinantes ou de terceiros. Isso inclui a troca de informa\u00e7\u00f5es com outras empresas e organiza\u00e7\u00f5es, incluindo a pol\u00edcia e autoridades governamentais, para fins de prote\u00e7\u00e3o contra fraudes ou qualquer outro tipo de atividade ilegal, identificada ou n\u00e3o nos Termos e Condi\u00e7\u00f5es. \u00c9 pol\u00edtica do freesexonvideo.com, sempre que poss\u00edvel e legalmente permitido, notific\u00e1-lo imediatamente sobre a obriga\u00e7\u00e3o de fornecer dados a terceiros.<\/p>\n\n\n\n<p>Caso voc\u00ea carregue deliberadamente qualquer material ilegal, o freesexonvideo.com encaminhar\u00e1 todas as informa\u00e7\u00f5es dispon\u00edveis a todas as autoridades relevantes, sem aviso pr\u00e9vio.<\/p>\n\n\n\n<ul class=\"wp-block-list\">\n<li>N\u00e3o compartilhamos suas informa\u00e7\u00f5es de identifica\u00e7\u00e3o pessoal (como nome ou endere\u00e7o de e-mail) com outras empresas terceirizadas para uso comercial ou de marketing sem o seu consentimento ou exceto como parte de um programa ou recurso espec\u00edfico para o qual voc\u00ea ter\u00e1 a possibilidade de optar por participar ou n\u00e3o.<\/li>\n<\/ul>\n\n\n\n<h2 class=\"wp-block-heading\">4. SEGURAN\u00c7A<\/h2>\n\n\n\n<p>Caso tenhamos fornecido a voc\u00ea (ou voc\u00ea tenha escolhido uma senha) que lhe permita acessar determinadas partes do nosso Site, voc\u00ea \u00e9 respons\u00e1vel por manter essa senha confidencial. Pedimos que voc\u00ea n\u00e3o compartilhe sua senha com ningu\u00e9m.<\/p>\n\n\n\n<p>Infelizmente, a transmiss\u00e3o de informa\u00e7\u00f5es pela internet n\u00e3o \u00e9 totalmente segura. O freesexonvideo.com utiliza salvaguardas f\u00edsicas, administrativas e t\u00e9cnicas comercialmente razo\u00e1veis para preservar a integridade e a seguran\u00e7a das suas informa\u00e7\u00f5es pessoais. No entanto, n\u00e3o podemos garantir a seguran\u00e7a de nenhuma informa\u00e7\u00e3o que voc\u00ea transmitir ao freesexonvideo.com, e voc\u00ea o faz por sua conta e risco.<\/p>\n\n\n\n<h2 class=\"wp-block-heading\">5. SEUS DIREITOS<\/h2>\n\n\n\n<p>Voc\u00ea tem o direito de acessar e corrigir seus Dados fazendo isso diretamente no site ou solicitando que o fa\u00e7amos por e-mail em <span style=\"display:inline;unicode-bidi:bidi-override;direction:rtl;\" class=\"\">moc.oedivnoxeseerf<span style=\"display:none;\">obfsctd-4b46df<\/span>@ofni<\/span>.<\/p>","protected":false},"excerpt":{"rendered":"<p>This document details important information regarding the use and disclosure of User Data collected on freesexonvideo.com The security of your Data is very important to freesexonvideo.com and as such we take all appropriate steps to limit the risk that it may be lost, damaged or misused. This site expressly and strictly limits its membership and\/or [&hellip;]<\/p>\n","protected":false},"author":1,"featured_media":0,"parent":0,"menu_order":0,"comment_status":"closed","ping_status":"closed","template":"","meta":{"footnotes":""},"class_list":["post-3","page","type-page","status-publish","hentry"],"_links":{"self":[{"href":"https:\/\/freesexonvideo.com\/pt\/wp-json\/wp\/v2\/pages\/3","targetHints":{"allow":["GET"]}}],"collection":[{"href":"https:\/\/freesexonvideo.com\/pt\/wp-json\/wp\/v2\/pages"}],"about":[{"href":"https:\/\/freesexonvideo.com\/pt\/wp-json\/wp\/v2\/types\/page"}],"author":[{"embeddable":true,"href":"https:\/\/freesexonvideo.com\/pt\/wp-json\/wp\/v2\/users\/1"}],"replies":[{"embeddable":true,"href":"https:\/\/freesexonvideo.com\/pt\/wp-json\/wp\/v2\/comments?post=3"}],"version-history":[{"count":0,"href":"https:\/\/freesexonvideo.com\/pt\/wp-json\/wp\/v2\/pages\/3\/revisions"}],"wp:attachment":[{"href":"https:\/\/freesexonvideo.com\/pt\/wp-json\/wp\/v2\/media?parent=3"}],"curies":[{"name":"wp","href":"https:\/\/api.w.org\/{rel}","templated":true}]}}