{"id":304,"date":"2025-09-30T17:50:16","date_gmt":"2025-09-30T17:50:16","guid":{"rendered":"https:\/\/freesexonvideo.com\/?page_id=304"},"modified":"2025-10-10T13:51:59","modified_gmt":"2025-10-10T13:51:59","slug":"dmca","status":"publish","type":"page","link":"https:\/\/freesexonvideo.com\/pt\/dmca\/","title":{"rendered":"DMCA"},"content":{"rendered":"<p>Respeitamos os direitos de propriedade intelectual de terceiros. Voc\u00ea n\u00e3o pode infringir direitos autorais, marcas registradas ou outros direitos de propriedade de terceiros. Podemos, a nosso exclusivo crit\u00e9rio, remover qualquer Conte\u00fado, Envio de Usu\u00e1rio ou Conte\u00fado de Terceiros que tenhamos motivos para acreditar que viola quaisquer direitos de propriedade intelectual de terceiros e podemos rescindir seu uso do Site se voc\u00ea enviar repetidamente tal Conte\u00fado.<\/p>\n\n\n\n<p>Pol\u00edtica de infra\u00e7\u00e3o reincidente: Como parte de nossa pol\u00edtica de infra\u00e7\u00e3o reincidente, o acesso de um usu\u00e1rio ao site e\/ou suas fun\u00e7\u00f5es de upload e download ser\u00e1 encerrado se, sob condi\u00e7\u00f5es apropriadas, for determinado que o usu\u00e1rio infringe repetidamente.<\/p>\n\n\n\n<p>De acordo com a Lei de Direitos Autorais do Mil\u00eanio Digital, se voc\u00ea acredita que qualquer material protegido por direitos autorais est\u00e1 sendo violado no Site, designamos um agente para receber notifica\u00e7\u00f5es de suposta viola\u00e7\u00e3o de direitos autorais em: <span style=\"display:inline;unicode-bidi:bidi-override;direction:rtl;\" class=\"\">moc.oedivnoxeseerf<span style=\"display:none;\">obfsctd-1e1a1d<\/span>@acmd<\/span>.<\/p>\n\n\n\n<p>Todas as notifica\u00e7\u00f5es que n\u00e3o sejam relevantes para n\u00f3s ou ineficazes sob a lei n\u00e3o receber\u00e3o nenhuma resposta ou a\u00e7\u00e3o.<\/p>\n\n\n\n<p>A notifica\u00e7\u00e3o efetiva de uma suposta infra\u00e7\u00e3o deve ser uma comunica\u00e7\u00e3o por escrito ao nosso agente que inclua substancialmente o seguinte:<\/p>\n\n\n\n<ul class=\"wp-block-list\">\n<li>Identifica\u00e7\u00e3o da obra protegida por direitos autorais que se acredita estar sendo violada. Descreva a obra e, sempre que poss\u00edvel, inclua uma c\u00f3pia ou o local (por exemplo, um URL) de uma vers\u00e3o autorizada da obra;<\/li>\n\n\n\n<li>Identifica\u00e7\u00e3o do material que se acredita estar infringindo direitos autorais e sua localiza\u00e7\u00e3o. Descreva o material e forne\u00e7a um URL ou qualquer outra informa\u00e7\u00e3o pertinente que nos permita localizar o material no Site;<\/li>\n\n\n\n<li>Informa\u00e7\u00f5es que nos permitir\u00e3o entrar em contato com voc\u00ea, incluindo seu endere\u00e7o, n\u00famero de telefone e, se dispon\u00edvel, seu endere\u00e7o de e-mail;<\/li>\n\n\n\n<li>Uma declara\u00e7\u00e3o de que voc\u00ea acredita de boa-f\u00e9 que o uso do material reclamado n\u00e3o foi autorizado por voc\u00ea, seu agente ou pela lei;<\/li>\n\n\n\n<li>Uma declara\u00e7\u00e3o de que as informa\u00e7\u00f5es na notifica\u00e7\u00e3o s\u00e3o precisas e que, sob pena de perj\u00fario, voc\u00ea \u00e9 o propriet\u00e1rio ou est\u00e1 autorizado a agir em nome do propriet\u00e1rio da obra que supostamente foi violada; e<\/li>\n\n\n\n<li>Uma assinatura f\u00edsica ou eletr\u00f4nica do detentor dos direitos autorais ou de um representante autorizado.<\/li>\n<\/ul>","protected":false},"excerpt":{"rendered":"<p>We respect the intellectual property rights of others. You may not infringe the copyright, trademark or other proprietary informational rights of any party. We may in our sole discretion remove any Content, User Submissions or Third Party Content we have reason to believe violates any of the intellectual property rights of others and may terminate [&hellip;]<\/p>\n","protected":false},"author":1,"featured_media":0,"parent":0,"menu_order":0,"comment_status":"closed","ping_status":"closed","template":"","meta":{"footnotes":""},"class_list":["post-304","page","type-page","status-publish","hentry"],"_links":{"self":[{"href":"https:\/\/freesexonvideo.com\/pt\/wp-json\/wp\/v2\/pages\/304","targetHints":{"allow":["GET"]}}],"collection":[{"href":"https:\/\/freesexonvideo.com\/pt\/wp-json\/wp\/v2\/pages"}],"about":[{"href":"https:\/\/freesexonvideo.com\/pt\/wp-json\/wp\/v2\/types\/page"}],"author":[{"embeddable":true,"href":"https:\/\/freesexonvideo.com\/pt\/wp-json\/wp\/v2\/users\/1"}],"replies":[{"embeddable":true,"href":"https:\/\/freesexonvideo.com\/pt\/wp-json\/wp\/v2\/comments?post=304"}],"version-history":[{"count":0,"href":"https:\/\/freesexonvideo.com\/pt\/wp-json\/wp\/v2\/pages\/304\/revisions"}],"wp:attachment":[{"href":"https:\/\/freesexonvideo.com\/pt\/wp-json\/wp\/v2\/media?parent=304"}],"curies":[{"name":"wp","href":"https:\/\/api.w.org\/{rel}","templated":true}]}}