{"id":4050,"date":"2025-10-17T15:17:57","date_gmt":"2025-10-17T15:17:57","guid":{"rendered":"https:\/\/freesexonvideo.com\/?page_id=4050"},"modified":"2026-04-03T21:18:45","modified_gmt":"2026-04-03T20:18:45","slug":"cams","status":"publish","type":"page","link":"https:\/\/freesexonvideo.com\/pt\/cams\/","title":{"rendered":"C\u00e2meras"},"content":{"rendered":"<!--\n<p style=\"margin:15px 0 20px 0; \">\n<script fetchpriority=\"high\" src=\"https:\/\/crxcr2.com\/cams-widget-ext\/script?landing_id=%7Boffer_url_id%7D&genders=f%2Cf&providers=streamate%2Cstreamate%2Cbongacash%2Chuge%20traffic%2Cstripchat%2Cbongacash%2Cmfc%2Cawempire%2Cimlive%2Cchaturbate&skin=0&containerAlignment=center&cols=0&rows=0&number=50&background=transparent&useFeed=1&animateFeed=1&smoothAnimation=1&ratio=1&verticalSpace=10px&horizontalSpace=10px&colorFilter=%23ffffff&colorFilterStrength=0.1&cardsBorderTop=2px&cardsBorderRight=2px&cardsBorderBottom=2px&cardsBorderLeft=2px&cardsBorderColor=%23de3b18&cardsBorderRadius=10px&showOnline=1&fontFamily=Roboto&fontSize=14px&infoTopTextColor=%23ffffff&infoTopPos=outside&infoTopLeftContent=-&infoTopRightContent=-&infoBottomTextColor=%23ffffff&infoBottomPos=outside&infoBottomLeftContent=name&infoBottomRightContent=gender&infoBottomBackgroundColor=%23de3b18&AuxiliaryCSS=.cw-info-ctn%20%7Bmargin%3A10px%200%207px%200%3B%7D%20%0A&lang=en&token=86b85b80-b59c-11f0-a0be-599b2cd91549&api_key=cefed9b9ff21e25bc6c8f4d0d5fb6b6440a3a36b14633f87c8566bb6972f7004\"><\/script>\n<\/p>\n-->\n\n\n\n<div class=\"wp-block-buttons has-custom-font-size has-x-large-font-size is-horizontal is-content-justification-center is-layout-flex wp-container-core-buttons-is-layout-0bd2c8ef wp-block-buttons-is-layout-flex\">\n<div class=\"wp-block-button has-custom-width wp-block-button__width-50 is-style-fill\"><a class=\"wp-block-button__link has-white-color has-text-color has-background has-link-color has-text-align-center has-custom-font-size wp-element-button\" href=\"https:\/\/freesexonvideo.com\/adv\/lookup\/livejasmin-link-cams\/\" style=\"border-radius:5px;background-color:#de3b18;font-size:16px\" target=\"_blank\" rel=\"noreferrer noopener nofollow\">Jasmin ao vivo<\/a><\/div>\n<\/div>\n\n\n\n<div class=\"wp-block-buttons has-custom-font-size has-x-large-font-size is-horizontal is-content-justification-center is-layout-flex wp-container-core-buttons-is-layout-0bd2c8ef wp-block-buttons-is-layout-flex\">\n<div class=\"wp-block-button has-custom-width wp-block-button__width-50 is-style-fill\"><a class=\"wp-block-button__link has-white-color has-text-color has-background has-link-color has-text-align-center has-custom-font-size wp-element-button\" href=\"https:\/\/freesexonvideo.com\/adv\/lookup\/livejasmin-link-cams\/\" style=\"border-radius:5px;background-color:#de3b18;font-size:16px\" target=\"_blank\" rel=\"noreferrer noopener nofollow\">Jasmin ao vivo<\/a><\/div>\n<\/div>\n\n\n\n<div class=\"wp-block-buttons has-custom-font-size has-x-large-font-size is-horizontal is-content-justification-center is-layout-flex wp-container-core-buttons-is-layout-0bd2c8ef wp-block-buttons-is-layout-flex\">\n<div class=\"wp-block-button has-custom-width wp-block-button__width-50 is-style-fill\"><a class=\"wp-block-button__link has-white-color has-text-color has-background has-link-color has-text-align-center has-custom-font-size wp-element-button\" href=\"https:\/\/freesexonvideo.com\/adv\/lookup\/livejasmin-link-cams\/\" style=\"border-radius:5px;background-color:#de3b18;font-size:16px\" target=\"_blank\" rel=\"noreferrer noopener nofollow\">Jasmin ao vivo<\/a><\/div>\n<\/div>\n\n\n\n<div class=\"wp-block-buttons has-custom-font-size has-x-large-font-size is-horizontal is-content-justification-center is-layout-flex wp-container-core-buttons-is-layout-0bd2c8ef wp-block-buttons-is-layout-flex\">\n<div class=\"wp-block-button has-custom-width wp-block-button__width-50 is-style-fill\"><a class=\"wp-block-button__link has-white-color has-text-color has-background has-link-color has-text-align-center has-custom-font-size wp-element-button\" href=\"https:\/\/freesexonvideo.com\/adv\/lookup\/livejasmin-link-cams\/\" style=\"border-radius:5px;background-color:#de3b18;font-size:16px\" target=\"_blank\" rel=\"noreferrer noopener nofollow\">Jasmin ao vivo<\/a><\/div>\n<\/div>\n\n\n\n<div class=\"wp-block-buttons has-custom-font-size has-x-large-font-size is-horizontal is-content-justification-center is-layout-flex wp-container-core-buttons-is-layout-0bd2c8ef wp-block-buttons-is-layout-flex\">\n<div class=\"wp-block-button has-custom-width wp-block-button__width-50 is-style-fill\"><a class=\"wp-block-button__link has-white-color has-text-color has-background has-link-color has-text-align-center has-custom-font-size wp-element-button\" href=\"https:\/\/freesexonvideo.com\/adv\/lookup\/livejasmin-link-cams\/\" style=\"border-radius:5px;background-color:#de3b18;font-size:16px\" target=\"_blank\" rel=\"noreferrer noopener nofollow\">Jasmin ao vivo<\/a><\/div>\n<\/div>\n\n\n\n<h2 class=\"wp-block-heading\">Bem-vindo ao Live Jasmin Girls&#039; Cam<\/h2>\n\n\n\n<p>Bem-vindo ao Live Jasmin Girls&#039; Cam, seu principal destino online para entretenimento adulto ao vivo por webcam, com as melhores modelos do mundo. Esta p\u00e1gina oferece acesso direto e instant\u00e2neo \u00e0s melhores cam girls do Live Jasmin por meio de um iframe integrado, permitindo que voc\u00ea desfrute de performances ao vivo de alta qualidade sem sair deste site. Seja para flertes divertidos, stripteases sedutores ou shows privados \u00edntimos, o Live Jasmin Girls&#039; Cam oferece uma variedade incompar\u00e1vel de c\u00e2meras adultas projetadas para satisfazer seus desejos em um ambiente seguro, discreto e agrad\u00e1vel.<\/p>\n\n\n\n<h2 class=\"wp-block-heading\">Por que o Live Jasmin \u00e9 l\u00edder em entretenimento por webcam<\/h2>\n\n\n\n<p>O Live Jasmin se destaca como uma das principais plataformas de webcam do setor, conhecida por sua qualidade de streaming HD premium, modelos profissionais e recursos interativos que elevam a experi\u00eancia al\u00e9m do entretenimento adulto tradicional. Aqui, voc\u00ea pode assistir e interagir com uma ampla sele\u00e7\u00e3o de garotas deslumbrantes de todos os estilos e origens, desde loiras sensuais e ruivas impetuosas at\u00e9 belezas ex\u00f3ticas e rec\u00e9m-chegadas charmosas. A plataforma oferece mais de 2.000 modelos transmitindo ao vivo 24 horas por dia, 7 dias por semana, garantindo que sempre haja algu\u00e9m online pronto para cativar voc\u00ea com seus talentos \u00fanicos e charme pessoal.<\/p>\n\n\n\n<h2 class=\"wp-block-heading\">Diversos modelos e categorias para atender a todos os desejos<\/h2>\n\n\n\n<p>Usando a interface Live Jasmin Girls&#039; Cam incorporada aqui, voc\u00ea tem acesso instant\u00e2neo a um rico cat\u00e1logo de modelos estilosas e verificadas que se apresentam em tempo real em diversas categorias e fetiches. Seja para provoca\u00e7\u00f5es sensuais, a\u00e7\u00e3o hardcore, fetiches ou at\u00e9 mesmo cen\u00e1rios de RPG, voc\u00ea encontrar\u00e1 a cam girl perfeita aqui. As poderosas op\u00e7\u00f5es de busca e filtro do site permitem que voc\u00ea classifique as modelos por cor de cabelo, tipo de corpo, idioma, popularidade e muito mais, para que voc\u00ea possa encontrar facilmente a artista ideal para combinar com seu humor e prefer\u00eancias.<\/p>\n\n\n\n<h2 class=\"wp-block-heading\">Recursos interativos para uma experi\u00eancia personalizada<\/h2>\n\n\n\n<p>Um dos aspectos mais emocionantes do Live Jasmin \u00e9 a possibilidade de interagir totalmente com as modelos. Atrav\u00e9s do chat ao vivo, voc\u00ea pode enviar mensagens de texto, dar dicas para artistas para incentivar conte\u00fado exclusivo e solicitar shows personalizados de acordo com suas fantasias. Algumas garotas oferecem sess\u00f5es privadas de webcam, onde voc\u00ea controla o ritmo e o estilo do show, tornando-o t\u00e3o \u00edntimo e emocionante quanto desejar. Com recursos como \u00e1udio bidirecional e intera\u00e7\u00e3o c\u00e2mera a c\u00e2mera, a conex\u00e3o que voc\u00ea estabelece parece genu\u00edna e envolvente, oferecendo um n\u00edvel de entretenimento adulto verdadeiramente incompar\u00e1vel.<\/p>\n\n\n\n<h2 class=\"wp-block-heading\">Sua privacidade e seguran\u00e7a s\u00e3o prioridades m\u00e1ximas<\/h2>\n\n\n\n<p>Seguran\u00e7a e privacidade s\u00e3o primordiais no Live Jasmin Girls&#039; Cam. A plataforma utiliza criptografia avan\u00e7ada e m\u00e9todos de pagamento seguros para proteger suas informa\u00e7\u00f5es, garantindo que sua navega\u00e7\u00e3o e intera\u00e7\u00f5es permane\u00e7am discretas. Seja para navegar casualmente ou participar de sess\u00f5es privadas, voc\u00ea pode faz\u00ea-lo com confian\u00e7a, sabendo que o Live Jasmin est\u00e1 em total conformidade com as pol\u00edticas de verifica\u00e7\u00e3o de idade legal e as melhores pr\u00e1ticas do setor para a seguran\u00e7a das artistas.<\/p>\n\n\n\n<h2 class=\"wp-block-heading\">Qualidade de streaming de classe mundial em todos os dispositivos<\/h2>\n\n\n\n<p>A qualidade de streaming no Live Jasmin \u00e9 de primeira linha, com v\u00eddeos em HD cristalinos que trazem cada detalhe das performances das suas cam girls favoritas diretamente para a sua tela. Seja em um desktop, laptop ou dispositivo m\u00f3vel, a plataforma se adapta perfeitamente, proporcionando uma reprodu\u00e7\u00e3o fluida mesmo em hor\u00e1rios de pico. Voc\u00ea pode assistir \u00e0s transmiss\u00f5es em tela cheia, usar a tela dividida para assistir a v\u00e1rias modelos simultaneamente ou abrir janelas para realizar v\u00e1rias tarefas enquanto curte suas c\u00e2meras adultas favoritas.<\/p>\n\n\n\n<h2 class=\"wp-block-heading\">Perfis de modelos detalhados para aprimorar sua experi\u00eancia<\/h2>\n\n\n\n<p>Os perfis das modelos no Live Jasmin s\u00e3o ricos e interativos, oferecendo fotos de fundo, videoclipes e atualiza\u00e7\u00f5es de status em tempo real para que voc\u00ea possa conhecer as modelos antes mesmo de participar de seus shows. Muitas modelos mant\u00eam f\u00e3-clubes ou canais exclusivos onde voc\u00ea pode acessar fotos adicionais, conte\u00fado de bastidores e transmiss\u00f5es de eventos especiais. Isso mant\u00e9m a experi\u00eancia atualizada e emocionante, estreitando o v\u00ednculo entre espectador e modelo.<\/p>\n\n\n\n<h2 class=\"wp-block-heading\">Op\u00e7\u00f5es de visualiza\u00e7\u00e3o flex\u00edveis para se adequar ao seu estilo<\/h2>\n\n\n\n<p>Como usu\u00e1rio, voc\u00ea tem op\u00e7\u00f5es flex\u00edveis para explorar o site de acordo com seus gostos e desejos. Seja para shows p\u00fablicos gratuitos ou para investir cr\u00e9ditos em acesso privado, o Live Jasmin Girls&#039; Cam oferece uma variedade incr\u00edvel de experi\u00eancias com c\u00e2meras. O sistema de cr\u00e9ditos permite que voc\u00ea d\u00ea gorjetas \u00e0s modelos, desbloqueie recursos especiais e agende sess\u00f5es privadas, tudo controlado por voc\u00ea, conforme sua conveni\u00eancia. O Live Jasmin suporta diversos m\u00e9todos de pagamento em todo o mundo para manter suas transa\u00e7\u00f5es f\u00e1ceis e seguras.<\/p>\n\n\n\n<h2 class=\"wp-block-heading\">O portal definitivo para entretenimento ao vivo por webcam<\/h2>\n\n\n\n<p>Resumindo, esta p\u00e1gina de webcam das Garotas Jasmin ao Vivo \u00e9 a sua porta de entrada para as melhores garotas de webcam ao vivo transmitindo em uma das plataformas adultas mais confi\u00e1veis e inovadoras da internet. Seja para uma experi\u00eancia casual ou intera\u00e7\u00f5es profundas e personalizadas, o iframe incorporado conecta voc\u00ea instantaneamente a milhares de modelos lindas e talentosas, prontas para entreter voc\u00ea sempre que desejar. Desfrute de transmiss\u00f5es em HD da mais alta qualidade, sess\u00f5es seguras e privadas e os recursos interativos que fazem do Jasmin ao Vivo a escolha favorita dos entusiastas de webcam em todo o mundo.<\/p>\n\n\n\n<h2 class=\"wp-block-heading\">Comece sua experi\u00eancia Jasmin ao vivo hoje mesmo<\/h2>\n\n\n\n<p>Mergulhe no mundo do Live Jasmin Girls&#039; Cam agora \u2013 explore, conecte-se e aproveite o melhor entretenimento adulto ao vivo que esta plataforma tem a oferecer, tudo no conforto e na privacidade do seu pr\u00f3prio espa\u00e7o.<\/p>\n\n\n\n<div class=\"wp-block-buttons has-custom-font-size has-x-large-font-size is-horizontal is-content-justification-center is-layout-flex wp-container-core-buttons-is-layout-0bd2c8ef wp-block-buttons-is-layout-flex\">\n<div class=\"wp-block-button has-custom-width wp-block-button__width-50 is-style-fill\"><a class=\"wp-block-button__link has-white-color has-text-color has-background has-link-color has-text-align-center has-custom-font-size wp-element-button\" href=\"https:\/\/freesexonvideo.com\/adv\/lookup\/livejasmin-link-cams\/\" style=\"border-radius:5px;background-color:#de3b18;font-size:16px\" target=\"_blank\" rel=\"noreferrer noopener nofollow\">Jasmin ao vivo<\/a><\/div>\n<\/div>","protected":false},"excerpt":{"rendered":"<p>Welcome to Live Jasmin Girls&#8217; Cam Welcome to Live Jasmin Girls&#8217; Cam, your premier online destination for live adult webcam entertainment featuring the best models from around the world. This page provides you with direct, instant access to the top-rated Live Jasmin cam girls through an integrated iframe, allowing you to enjoy high-quality live performances [&hellip;]<\/p>\n","protected":false},"author":1,"featured_media":0,"parent":0,"menu_order":0,"comment_status":"closed","ping_status":"closed","template":"","meta":{"footnotes":""},"class_list":["post-4050","page","type-page","status-publish","hentry"],"_links":{"self":[{"href":"https:\/\/freesexonvideo.com\/pt\/wp-json\/wp\/v2\/pages\/4050","targetHints":{"allow":["GET"]}}],"collection":[{"href":"https:\/\/freesexonvideo.com\/pt\/wp-json\/wp\/v2\/pages"}],"about":[{"href":"https:\/\/freesexonvideo.com\/pt\/wp-json\/wp\/v2\/types\/page"}],"author":[{"embeddable":true,"href":"https:\/\/freesexonvideo.com\/pt\/wp-json\/wp\/v2\/users\/1"}],"replies":[{"embeddable":true,"href":"https:\/\/freesexonvideo.com\/pt\/wp-json\/wp\/v2\/comments?post=4050"}],"version-history":[{"count":1,"href":"https:\/\/freesexonvideo.com\/pt\/wp-json\/wp\/v2\/pages\/4050\/revisions"}],"predecessor-version":[{"id":11883,"href":"https:\/\/freesexonvideo.com\/pt\/wp-json\/wp\/v2\/pages\/4050\/revisions\/11883"}],"wp:attachment":[{"href":"https:\/\/freesexonvideo.com\/pt\/wp-json\/wp\/v2\/media?parent=4050"}],"curies":[{"name":"wp","href":"https:\/\/api.w.org\/{rel}","templated":true}]}}