{"id":861,"date":"2025-10-02T18:00:35","date_gmt":"2025-10-02T18:00:35","guid":{"rendered":"https:\/\/freesexonvideo.com\/?page_id=861"},"modified":"2025-10-17T11:02:34","modified_gmt":"2025-10-17T11:02:34","slug":"18-usc-2257","status":"publish","type":"page","link":"https:\/\/freesexonvideo.com\/pt\/18-usc-2257\/","title":{"rendered":"2257"},"content":{"rendered":"<p>O Freesexonvideo.com n\u00e3o \u00e9 produtor (prim\u00e1rio ou secund\u00e1rio) de todo e qualquer conte\u00fado encontrado no site (Freesexonvideo.com). Com rela\u00e7\u00e3o aos registros, conforme o 18 USC 2257, para todo e qualquer conte\u00fado encontrado neste site, por favor, direcione sua solicita\u00e7\u00e3o ao site para o qual o conte\u00fado foi produzido.<\/p>\n\n\n\n<p>Freesexonvideo.com \u00e9 um site de compartilhamento de v\u00eddeos que permite o upload, o compartilhamento e a visualiza\u00e7\u00e3o geral de v\u00e1rios tipos de conte\u00fado adulto e, embora o Freesexonvideo.com fa\u00e7a o melhor que pode para verificar a conformidade, ele pode n\u00e3o ser 100% preciso.<\/p>\n\n\n\n<p>O Freesexonvideo.com segue os seguintes procedimentos para garantir a conformidade:<br>Exigir que todos os usu\u00e1rios tenham 18 anos de idade para enviar v\u00eddeos.<br>Ao fazer o upload, o usu\u00e1rio deve verificar o conte\u00fado; garantir que tem 18 anos de idade; certificar que mant\u00e9m registros dos modelos no conte\u00fado e que eles t\u00eam mais de 18 anos de idade.<\/p>\n\n\n\n<p>Para obter mais assist\u00eancia e\/ou informa\u00e7\u00f5es sobre como encontrar o site de origem do conte\u00fado, entre em contato com a conformidade do Freesexonvideo.com em <span style=\"display:inline;unicode-bidi:bidi-override;direction:rtl;\" class=\"\">moc.oedivnoxeseerf<span style=\"display:none;\">obfsctd-764e75<\/span>@ofni<\/span>.<\/p>\n\n\n\n<p>O Freesexonvideo.com permite que conte\u00fado seja sinalizado como impr\u00f3prio. Caso qualquer conte\u00fado seja sinalizado como ilegal, il\u00edcito, assediante, prejudicial, ofensivo ou por qualquer outro motivo, o Freesexonvideo.com o remover\u00e1 do site imediatamente.<\/p>\n\n\n\n<p>Usu\u00e1rios do Freesexonvideo.com que se depararem com tal conte\u00fado s\u00e3o incentivados a denunciar a(s) URL(s) espec\u00edfica(s) como inapropriada(s), enviando um e-mail para: <span style=\"display:inline;unicode-bidi:bidi-override;direction:rtl;\" class=\"\">moc.oedivnoxeseerf<span style=\"display:none;\">obfsctd-1d44d1<\/span>@ofni<\/span> especificando a suposta url\/urls.<\/p>","protected":false},"excerpt":{"rendered":"<p>Freesexonvideo.com is not a producer (primary or secondary) of any and all of the content found on the website (Freesexonvideo.com). With respect to the records as per 18 USC 2257 for any and all content found on this site, please kindly direct your request to the site for which the content was produced. Freesexonvideo.com is [&hellip;]<\/p>\n","protected":false},"author":1,"featured_media":0,"parent":0,"menu_order":0,"comment_status":"closed","ping_status":"closed","template":"","meta":{"footnotes":""},"class_list":["post-861","page","type-page","status-publish","hentry"],"_links":{"self":[{"href":"https:\/\/freesexonvideo.com\/pt\/wp-json\/wp\/v2\/pages\/861","targetHints":{"allow":["GET"]}}],"collection":[{"href":"https:\/\/freesexonvideo.com\/pt\/wp-json\/wp\/v2\/pages"}],"about":[{"href":"https:\/\/freesexonvideo.com\/pt\/wp-json\/wp\/v2\/types\/page"}],"author":[{"embeddable":true,"href":"https:\/\/freesexonvideo.com\/pt\/wp-json\/wp\/v2\/users\/1"}],"replies":[{"embeddable":true,"href":"https:\/\/freesexonvideo.com\/pt\/wp-json\/wp\/v2\/comments?post=861"}],"version-history":[{"count":0,"href":"https:\/\/freesexonvideo.com\/pt\/wp-json\/wp\/v2\/pages\/861\/revisions"}],"wp:attachment":[{"href":"https:\/\/freesexonvideo.com\/pt\/wp-json\/wp\/v2\/media?parent=861"}],"curies":[{"name":"wp","href":"https:\/\/api.w.org\/{rel}","templated":true}]}}